{"id":5043,"date":"2023-05-16T11:54:01","date_gmt":"2023-05-16T10:54:01","guid":{"rendered":"https:\/\/pinturayartistas.com\/ilustracionesgratis\/?page_id=5043"},"modified":"2023-11-01T16:20:23","modified_gmt":"2023-11-01T15:20:23","slug":"ilustraciones-artisticas","status":"publish","type":"page","link":"https:\/\/pinturayartistas.com\/ilustracionesgratis\/es\/disenos-graficos\/ilustraciones-artisticas\/","title":{"rendered":"Ilustraciones art\u00edsticas"},"content":{"rendered":"\n<p class=\"has-text-align-center\"><\/p>\n\n\n\n<h2 class=\"wp-block-heading has-text-align-center\">Temas dentro de la subcategor\u00eda Ilustraciones art\u00edsticas, dentro de Dise\u00f1os gr\u00e1ficos<\/h2>\n\n\n\n<h3 class=\"wp-block-heading has-text-align-center\">Ilustraciones con t\u00e9cnicas del arte<\/h3>\n\n\n\n<p>En esta p\u00e1gina presento las colecciones de ilustraciones relacionadas con el arte. Colecciones de ilustraciones creadas con las t\u00e9cnicas cl\u00e1sicas de ilustraci\u00f3n y pintura: dibujo b\u00e1sico a l\u00e1piz, dibujos creados con la t\u00e9cnica de la tinta china, dibujos y pinturas creadas con las pinturas pastel, ceras o tizas, pinturas creadas con acuarelas, t\u00e9mperas o gouache, y pinturas al \u00f3leo o pintura digital con efecto \u00b4de pintura al \u00f3leo.  <\/p>\n\n\n\n<div class=\"wp-block-columns\">\n<div class=\"wp-block-column\">\n<figure class=\"wp-block-image aligncenter size-large\"><a href=\"https:\/\/pinturayartistas.com\/ilustracionesgratis\/image-stock\/dibujo-lapiz-pencil-drawing\/\"><img loading=\"lazy\" width=\"200\" height=\"200\" src=\"https:\/\/pinturayartistas.com\/ilustracionesgratis\/wp-content\/uploads\/2012\/10\/ojo-lagrima100.jpg\" alt=\"dibujo a l\u00e1piz\" class=\"wp-image-2585\" title=\"Dibujos a l\u00e1piz\" srcset=\"https:\/\/pinturayartistas.com\/ilustracionesgratis\/wp-content\/uploads\/2012\/10\/ojo-lagrima100.jpg 200w, https:\/\/pinturayartistas.com\/ilustracionesgratis\/wp-content\/uploads\/2012\/10\/ojo-lagrima100-100x100.jpg 100w\" sizes=\"(max-width: 200px) 100vw, 200px\" \/><\/a><\/figure>\n\n\n\n<h3 class=\"wp-block-heading has-text-align-center\"><a href=\"https:\/\/pinturayartistas.com\/ilustracionesgratis\/image-stock\/dibujo-lapiz-pencil-drawing\/\">Dibujo a l\u00e1piz<\/a><\/h3>\n<\/div>\n\n\n\n<div class=\"wp-block-column\">\n<figure class=\"wp-block-image aligncenter size-large\"><a href=\"https:\/\/pinturayartistas.com\/ilustracionesgratis\/image-stock\/tinta-china-india-ink\/\"><img loading=\"lazy\" width=\"200\" height=\"200\" src=\"https:\/\/pinturayartistas.com\/ilustracionesgratis\/wp-content\/uploads\/2012\/02\/dodo.gif\" alt=\"tinta china\" class=\"wp-image-3942\" title=\"Dibujos con tinta china\"\/><\/a><\/figure>\n\n\n\n<h3 class=\"wp-block-heading has-text-align-center\"><a href=\"https:\/\/pinturayartistas.com\/ilustracionesgratis\/image-stock\/tinta-china-india-ink\/\">Tinta china<\/a><\/h3>\n<\/div>\n\n\n\n<div class=\"wp-block-column\">\n<figure class=\"wp-block-image aligncenter size-large\"><a href=\"https:\/\/pinturayartistas.com\/ilustracionesgratis\/image-stock\/pintura-pastel\/\"><img loading=\"lazy\" width=\"200\" height=\"200\" src=\"https:\/\/pinturayartistas.com\/ilustracionesgratis\/wp-content\/uploads\/2012\/12\/mujer-con-flores-pastel100.jpg\" alt=\"pintura pastel mujer con ramo de flores\" class=\"wp-image-3386\" title=\"Pinturas pastel\" srcset=\"https:\/\/pinturayartistas.com\/ilustracionesgratis\/wp-content\/uploads\/2012\/12\/mujer-con-flores-pastel100.jpg 200w, https:\/\/pinturayartistas.com\/ilustracionesgratis\/wp-content\/uploads\/2012\/12\/mujer-con-flores-pastel100-100x100.jpg 100w\" sizes=\"(max-width: 200px) 100vw, 200px\" \/><\/a><\/figure>\n\n\n\n<h3 class=\"wp-block-heading has-text-align-center\"><a href=\"https:\/\/pinturayartistas.com\/ilustracionesgratis\/image-stock\/pintura-pastel\/\">Pintura pastel<\/a><\/h3>\n<\/div>\n\n\n\n<div class=\"wp-block-column\">\n<figure class=\"wp-block-image aligncenter size-large\"><a href=\"https:\/\/pinturayartistas.com\/ilustracionesgratis\/image-stock\/pintura-acuarela-watercolor\/\"><img loading=\"lazy\" width=\"200\" height=\"200\" src=\"https:\/\/pinturayartistas.com\/ilustracionesgratis\/wp-content\/uploads\/2012\/03\/chica-acostada-estrellas200.jpg\" alt=\"acuarelas\" class=\"wp-image-3935\" title=\"Pinturas t\u00e9cnica acuarela\" srcset=\"https:\/\/pinturayartistas.com\/ilustracionesgratis\/wp-content\/uploads\/2012\/03\/chica-acostada-estrellas200.jpg 200w, https:\/\/pinturayartistas.com\/ilustracionesgratis\/wp-content\/uploads\/2012\/03\/chica-acostada-estrellas200-100x100.jpg 100w\" sizes=\"(max-width: 200px) 100vw, 200px\" \/><\/a><\/figure>\n\n\n\n<h3 class=\"wp-block-heading has-text-align-center\"><a href=\"https:\/\/pinturayartistas.com\/ilustracionesgratis\/image-stock\/pintura-acuarela-watercolor\/\">Pintura acuarela<\/a><\/h3>\n<\/div>\n\n\n\n<div class=\"wp-block-column\">\n<figure class=\"wp-block-image aligncenter size-large\"><a href=\"https:\/\/pinturayartistas.com\/ilustracionesgratis\/image-stock\/pintura-oleo-oil-painting-huile-peinture\/\"><img loading=\"lazy\" width=\"200\" height=\"200\" src=\"https:\/\/pinturayartistas.com\/ilustracionesgratis\/wp-content\/uploads\/2013\/09\/playa-mar-costa-ilustracion-efecto-oleo200.jpg\" alt=\"pintura \u00f3leo\" class=\"wp-image-2481\" title=\"Pintura al \u00f3leo\" srcset=\"https:\/\/pinturayartistas.com\/ilustracionesgratis\/wp-content\/uploads\/2013\/09\/playa-mar-costa-ilustracion-efecto-oleo200.jpg 200w, https:\/\/pinturayartistas.com\/ilustracionesgratis\/wp-content\/uploads\/2013\/09\/playa-mar-costa-ilustracion-efecto-oleo200-100x100.jpg 100w\" sizes=\"(max-width: 200px) 100vw, 200px\" \/><\/a><\/figure>\n\n\n\n<h3 class=\"wp-block-heading has-text-align-center\"><a href=\"https:\/\/pinturayartistas.com\/ilustracionesgratis\/image-stock\/pintura-oleo-oil-painting-huile-peinture\/\">Pintura al \u00f3leo<\/a><\/h3>\n<\/div>\n<\/div>\n\n\n\n<h3 class=\"wp-block-heading has-text-align-center\">Colecciones art\u00edsticas<\/h3>\n\n\n\n<div class=\"wp-block-columns\">\n<div class=\"wp-block-column\">\n<figure class=\"wp-block-image aligncenter size-large\"><a href=\"https:\/\/pinturayartistas.com\/ilustracionesgratis\/image-stock\/artisticas-art\/\"><img loading=\"lazy\" width=\"200\" height=\"200\" src=\"https:\/\/pinturayartistas.com\/ilustracionesgratis\/wp-content\/uploads\/2014\/04\/sol-dormido100.gif\" alt=\"artistico\" class=\"wp-image-2495\" title=\"Ilustraciones art\u00edsticas\"\/><\/a><\/figure>\n\n\n\n<h3 class=\"wp-block-heading has-text-align-center\"><a href=\"https:\/\/pinturayartistas.com\/ilustracionesgratis\/image-stock\/artisticas-art\/\">Art\u00edsticas<\/a><\/h3>\n<\/div>\n\n\n\n<div class=\"wp-block-column\">\n<figure class=\"wp-block-image aligncenter size-large\"><a href=\"https:\/\/pinturayartistas.com\/ilustracionesgratis\/image-stock\/azteca-aztec\/\"><img loading=\"lazy\" width=\"200\" height=\"200\" src=\"https:\/\/pinturayartistas.com\/ilustracionesgratis\/wp-content\/uploads\/2012\/06\/dios-tezcatlipoca.gif\" alt=\"arte azteca\" class=\"wp-image-3824\" title=\"Ilustraciones del arte azteca\"\/><\/a><\/figure>\n\n\n\n<h3 class=\"wp-block-heading has-text-align-center\"><a href=\"https:\/\/pinturayartistas.com\/ilustracionesgratis\/image-stock\/azteca-aztec\/\">Arte azteca<\/a><\/h3>\n<\/div>\n\n\n\n<div class=\"wp-block-column\">\n<figure class=\"wp-block-image aligncenter size-large\"><a href=\"https:\/\/pinturayartistas.com\/ilustracionesgratis\/image-stock\/egipto-egypt\/\"><img loading=\"lazy\" width=\"200\" height=\"200\" src=\"https:\/\/pinturayartistas.com\/ilustracionesgratis\/wp-content\/uploads\/2014\/04\/egipcias-musica200.gif\" alt=\"egipcias ilustracion\" class=\"wp-image-2372\" title=\"Ilustraciones del arte egipcio\"\/><\/a><\/figure>\n\n\n\n<h3 class=\"wp-block-heading has-text-align-center\"><a href=\"https:\/\/pinturayartistas.com\/ilustracionesgratis\/image-stock\/egipto-egypt\/\">Arte egipcio<\/a><\/h3>\n<\/div>\n\n\n\n<div class=\"wp-block-column\">\n<figure class=\"wp-block-image aligncenter size-large\"><a href=\"https:\/\/pinturayartistas.com\/ilustracionesgratis\/image-stock\/pinturas-famosas\/\"><img loading=\"lazy\" width=\"200\" height=\"200\" src=\"https:\/\/pinturayartistas.com\/ilustracionesgratis\/wp-content\/uploads\/2013\/01\/monalisa-bn100.gif\" alt=\"dibujo vectorial monalisa\" class=\"wp-image-2657\" title=\"Ilustraciones de Pinturas famosas\"\/><\/a><\/figure>\n\n\n\n<h3 class=\"wp-block-heading has-text-align-center\"><a href=\"https:\/\/pinturayartistas.com\/ilustracionesgratis\/image-stock\/pinturas-famosas\/\">Pinturas famosas<\/a><\/h3>\n<\/div>\n\n\n\n<div class=\"wp-block-column\">\n<figure class=\"wp-block-image aligncenter size-large\"><a href=\"https:\/\/pinturayartistas.com\/ilustracionesgratis\/image-stock\/dibujo-vector-drawing\/\"><img loading=\"lazy\" width=\"200\" height=\"200\" src=\"https:\/\/pinturayartistas.com\/ilustracionesgratis\/wp-content\/uploads\/2013\/03\/VACA-manchas-negras100.gif\" alt=\"dibujo vectorial vaca gratis\" class=\"wp-image-3530\"\/><\/a><\/figure>\n\n\n\n<h3 class=\"wp-block-heading has-text-align-center\"><a href=\"https:\/\/pinturayartistas.com\/ilustracionesgratis\/image-stock\/dibujo-vector-drawing\/\">Dibujo vectorial<\/a><\/h3>\n<\/div>\n<\/div>\n\n\n\n<hr class=\"wp-block-separator has-css-opacity\"\/>\n\n\n\n<h2 class=\"wp-block-heading has-text-align-center\">Colecciones de ilustraciones destacadas<\/h2>\n\n\n\n<div class=\"wp-block-columns\">\n<div class=\"wp-block-column\">\n<figure class=\"wp-block-image aligncenter size-large\"><a href=\"https:\/\/pinturayartistas.com\/ilustracionesgratis\/?s=svg&amp;post_type=post\"><img loading=\"lazy\" width=\"683\" height=\"521\" src=\"https:\/\/pinturayartistas.com\/ilustracionesgratis\/wp-content\/uploads\/2021\/04\/destacadas-dibujo-vectorial.jpg\" alt=\"Archivos vectoriales svg\" class=\"wp-image-4430\" title=\"Colecciones de dibujo vectorial\"\/><\/a><\/figure>\n\n\n\n<h3 class=\"wp-block-heading has-text-align-center\"><a href=\"https:\/\/pinturayartistas.com\/ilustracionesgratis\/?s=svg&amp;post_type=post\">Archivos en formato SVG<\/a><\/h3>\n<\/div>\n\n\n\n<div class=\"wp-block-column\">\n<figure class=\"wp-block-image aligncenter size-large\"><a href=\"https:\/\/pinturayartistas.com\/ilustracionesgratis\/rain-over-the-mountains\/\"><img loading=\"lazy\" width=\"683\" height=\"521\" src=\"https:\/\/pinturayartistas.com\/ilustracionesgratis\/wp-content\/uploads\/2021\/04\/montaje-jpg.jpg\" alt=\"Montajes fotogr\u00e1ficos\" class=\"wp-image-4434\" title=\"Colecciones de fotograf\u00edas y montajes fotogr\u00e1ficos\"\/><\/a><\/figure>\n\n\n\n<h3 class=\"wp-block-heading has-text-align-center\"><a href=\"https:\/\/pinturayartistas.com\/ilustracionesgratis\/rain-over-the-mountains\/\">Montajes fotogr\u00e1fico<\/a><\/h3>\n<\/div>\n<\/div>\n\n\n\n<hr class=\"wp-block-separator has-css-opacity\"\/>\n","protected":false},"excerpt":{"rendered":"<p>Temas dentro de la subcategor\u00eda Ilustraciones art\u00edsticas, dentro de Dise\u00f1os gr\u00e1ficos Ilustraciones con t\u00e9cnicas del arte En esta p\u00e1gina presento las colecciones de ilustraciones relacionadas con el arte. Colecciones de ilustraciones creadas con las t\u00e9cnicas cl\u00e1sicas de ilustraci\u00f3n y pintura: dibujo b\u00e1sico a l\u00e1piz, dibujos creados con la t\u00e9cnica de la tinta china, dibujos y [&hellip;]<\/p>\n","protected":false},"author":575,"featured_media":3845,"parent":5039,"menu_order":1,"comment_status":"closed","ping_status":"closed","template":"","meta":[],"yoast_head":"<!-- This site is optimized with the Yoast SEO plugin v16.0 - https:\/\/yoast.com\/wordpress\/plugins\/seo\/ -->\n<title>Ilustraciones art\u00edsticas gratis - Dise\u00f1o gr\u00e1fico de Cristina Alejos<\/title>\n<meta name=\"description\" content=\"Ilustraciones, dise\u00f1os gr\u00e1ficos y fotograf\u00edas en el stock gratuito.\" \/>\n<link rel=\"canonical\" href=\"https:\/\/pinturayartistas.com\/ilustracionesgratis\/es\/disenos-graficos\/ilustraciones-artisticas\/\" \/>\n<meta property=\"og:locale\" content=\"en_US\" \/>\n<meta property=\"og:type\" content=\"article\" \/>\n<meta property=\"og:title\" content=\"Ilustraciones art\u00edsticas gratis - Dise\u00f1o gr\u00e1fico de Cristina Alejos\" \/>\n<meta property=\"og:description\" content=\"Ilustraciones, dise\u00f1os gr\u00e1ficos y fotograf\u00edas en el stock gratuito.\" \/>\n<meta property=\"og:url\" content=\"https:\/\/pinturayartistas.com\/ilustracionesgratis\/es\/disenos-graficos\/ilustraciones-artisticas\/\" \/>\n<meta property=\"og:site_name\" content=\"Cristina\" \/>\n<meta property=\"article:modified_time\" content=\"2023-11-01T15:20:23+00:00\" \/>\n<meta property=\"og:image\" content=\"https:\/\/pinturayartistas.com\/ilustracionesgratis\/wp-content\/uploads\/2012\/06\/dios-lluvia-tlaloc.gif\" \/>\n\t<meta property=\"og:image:width\" content=\"200\" \/>\n\t<meta property=\"og:image:height\" content=\"200\" \/>\n<meta name=\"twitter:card\" content=\"summary_large_image\" \/>\n<meta name=\"twitter:label1\" content=\"Est. reading time\">\n\t<meta name=\"twitter:data1\" content=\"3 minutes\">\n<script type=\"application\/ld+json\" class=\"yoast-schema-graph\">{\"@context\":\"https:\/\/schema.org\",\"@graph\":[{\"@type\":\"WebSite\",\"@id\":\"https:\/\/pinturayartistas.com\/ilustracionesgratis\/#website\",\"url\":\"https:\/\/pinturayartistas.com\/ilustracionesgratis\/\",\"name\":\"Cristina\",\"description\":\"Illustrations\",\"potentialAction\":[{\"@type\":\"SearchAction\",\"target\":\"https:\/\/pinturayartistas.com\/ilustracionesgratis\/?s={search_term_string}\",\"query-input\":\"required name=search_term_string\"}],\"inLanguage\":\"en-US\"},{\"@type\":\"ImageObject\",\"@id\":\"https:\/\/pinturayartistas.com\/ilustracionesgratis\/es\/disenos-graficos\/ilustraciones-artisticas\/#primaryimage\",\"inLanguage\":\"en-US\",\"url\":\"https:\/\/pinturayartistas.com\/ilustracionesgratis\/wp-content\/uploads\/2012\/06\/dios-lluvia-tlaloc.gif\",\"width\":200,\"height\":200},{\"@type\":\"WebPage\",\"@id\":\"https:\/\/pinturayartistas.com\/ilustracionesgratis\/es\/disenos-graficos\/ilustraciones-artisticas\/#webpage\",\"url\":\"https:\/\/pinturayartistas.com\/ilustracionesgratis\/es\/disenos-graficos\/ilustraciones-artisticas\/\",\"name\":\"Ilustraciones art\\u00edsticas gratis - Dise\\u00f1o gr\\u00e1fico de Cristina Alejos\",\"isPartOf\":{\"@id\":\"https:\/\/pinturayartistas.com\/ilustracionesgratis\/#website\"},\"primaryImageOfPage\":{\"@id\":\"https:\/\/pinturayartistas.com\/ilustracionesgratis\/es\/disenos-graficos\/ilustraciones-artisticas\/#primaryimage\"},\"datePublished\":\"2023-05-16T10:54:01+00:00\",\"dateModified\":\"2023-11-01T15:20:23+00:00\",\"description\":\"Ilustraciones, dise\\u00f1os gr\\u00e1ficos y fotograf\\u00edas en el stock gratuito.\",\"breadcrumb\":{\"@id\":\"https:\/\/pinturayartistas.com\/ilustracionesgratis\/es\/disenos-graficos\/ilustraciones-artisticas\/#breadcrumb\"},\"inLanguage\":\"en-US\",\"potentialAction\":[{\"@type\":\"ReadAction\",\"target\":[\"https:\/\/pinturayartistas.com\/ilustracionesgratis\/es\/disenos-graficos\/ilustraciones-artisticas\/\"]}]},{\"@type\":\"BreadcrumbList\",\"@id\":\"https:\/\/pinturayartistas.com\/ilustracionesgratis\/es\/disenos-graficos\/ilustraciones-artisticas\/#breadcrumb\",\"itemListElement\":[{\"@type\":\"ListItem\",\"position\":1,\"item\":{\"@type\":\"WebPage\",\"@id\":\"https:\/\/pinturayartistas.com\/ilustracionesgratis\/\",\"url\":\"https:\/\/pinturayartistas.com\/ilustracionesgratis\/\",\"name\":\"Home\"}},{\"@type\":\"ListItem\",\"position\":2,\"item\":{\"@type\":\"WebPage\",\"@id\":\"https:\/\/pinturayartistas.com\/ilustracionesgratis\/es\/disenos-graficos\/\",\"url\":\"https:\/\/pinturayartistas.com\/ilustracionesgratis\/es\/disenos-graficos\/\",\"name\":\"Dise\\u00f1os gr\\u00e1ficos\"}},{\"@type\":\"ListItem\",\"position\":3,\"item\":{\"@type\":\"WebPage\",\"@id\":\"https:\/\/pinturayartistas.com\/ilustracionesgratis\/es\/disenos-graficos\/ilustraciones-artisticas\/\",\"url\":\"https:\/\/pinturayartistas.com\/ilustracionesgratis\/es\/disenos-graficos\/ilustraciones-artisticas\/\",\"name\":\"Ilustraciones art\\u00edsticas\"}}]}]}<\/script>\n<!-- \/ Yoast SEO plugin. -->","_links":{"self":[{"href":"https:\/\/pinturayartistas.com\/ilustracionesgratis\/wp-json\/wp\/v2\/pages\/5043"}],"collection":[{"href":"https:\/\/pinturayartistas.com\/ilustracionesgratis\/wp-json\/wp\/v2\/pages"}],"about":[{"href":"https:\/\/pinturayartistas.com\/ilustracionesgratis\/wp-json\/wp\/v2\/types\/page"}],"author":[{"embeddable":true,"href":"https:\/\/pinturayartistas.com\/ilustracionesgratis\/wp-json\/wp\/v2\/users\/575"}],"replies":[{"embeddable":true,"href":"https:\/\/pinturayartistas.com\/ilustracionesgratis\/wp-json\/wp\/v2\/comments?post=5043"}],"version-history":[{"count":5,"href":"https:\/\/pinturayartistas.com\/ilustracionesgratis\/wp-json\/wp\/v2\/pages\/5043\/revisions"}],"predecessor-version":[{"id":5851,"href":"https:\/\/pinturayartistas.com\/ilustracionesgratis\/wp-json\/wp\/v2\/pages\/5043\/revisions\/5851"}],"up":[{"embeddable":true,"href":"https:\/\/pinturayartistas.com\/ilustracionesgratis\/wp-json\/wp\/v2\/pages\/5039"}],"wp:featuredmedia":[{"embeddable":true,"href":"https:\/\/pinturayartistas.com\/ilustracionesgratis\/wp-json\/wp\/v2\/media\/3845"}],"wp:attachment":[{"href":"https:\/\/pinturayartistas.com\/ilustracionesgratis\/wp-json\/wp\/v2\/media?parent=5043"}],"curies":[{"name":"wp","href":"https:\/\/api.w.org\/{rel}","templated":true}]}}