{"id":5027,"date":"2023-05-16T10:10:47","date_gmt":"2023-05-16T09:10:47","guid":{"rendered":"https:\/\/pinturayartistas.com\/ilustracionesgratis\/?page_id=5027"},"modified":"2023-08-22T15:55:43","modified_gmt":"2023-08-22T14:55:43","slug":"mundo-humano","status":"publish","type":"page","link":"https:\/\/pinturayartistas.com\/ilustracionesgratis\/es\/mundo-humano\/","title":{"rendered":"Mundo Humano"},"content":{"rendered":"\n<h2 class=\"wp-block-heading\">Ilustraciones con temas relacionados con la sociedad humana. Personas, todo tipo de objetos y cosas creadas por el ser humano, las artes, las ideas y los sentimientos<\/h2>\n\n\n\n<p class=\"has-text-align-center texto-seo\">Descubre las ilustraciones de seres humanos de todo tipo de estilos.<br>En colores y en blanco y negro, dibujos para colorear, ilustraciones completas y para archivos de imprenta que tu puedes utilizar en tus art\u00edculos, dise\u00f1os y publicaciones.<\/p>\n\n\n\n<div class=\"wp-block-columns\">\n<div class=\"wp-block-column\">\n<figure class=\"wp-block-image aligncenter size-large\"><a href=\"https:\/\/pinturayartistas.com\/ilustracionesgratis\/mundo-humano\/personas\/\"><img src=\"https:\/\/pinturayartistas.com\/ilustracionesgratis\/wp-content\/uploads\/2011\/personas\/mujeres\/famosas\/milla-jovovich-100.gif\" alt=\"personas\" title=\"Ilustraciones y dise\u00f1os gratis de personas\"\/><\/a><\/figure>\n\n\n\n<h3 class=\"wp-block-heading has-text-align-center\"><a href=\"https:\/\/pinturayartistas.com\/ilustracionesgratis\/mundo-humano\/personas\/\">Personas<\/a><\/h3>\n<\/div>\n\n\n\n<div class=\"wp-block-column\">\n<figure class=\"wp-block-image aligncenter size-large\"><a href=\"https:\/\/pinturayartistas.com\/ilustracionesgratis\/image-stock\/ciudad-city-ville\/\"><img src=\"https:\/\/pinturayartistas.com\/ilustracionesgratis\/wp-content\/uploads\/2013\/09\/sidney-ilustracion-gratis200-200x200.jpg\" alt=\"ciudades\" title=\"Ilustraciones y dise\u00f1os gratis de ciudades\"\/><\/a><\/figure>\n\n\n\n<h3 class=\"wp-block-heading has-text-align-center\"><a href=\"https:\/\/pinturayartistas.com\/ilustracionesgratis\/image-stock\/ciudad-city-ville\/\">Ciudades<\/a><\/h3>\n<\/div>\n\n\n\n<div class=\"wp-block-column\">\n<figure class=\"wp-block-image aligncenter size-large\"><a href=\"https:\/\/pinturayartistas.com\/ilustracionesgratis\/image-stock\/objets\/\"><img src=\"https:\/\/pinturayartistas.com\/ilustracionesgratis\/wp-content\/uploads\/2013\/12\/libro-enciclopedia200-200x200.jpg\" alt=\"objetos y cosas\" title=\"Ilustraciones y dise\u00f1os gratis de objetos humanos\"\/><\/a><\/figure>\n\n\n\n<h3 class=\"wp-block-heading has-text-align-center\"><a href=\"https:\/\/pinturayartistas.com\/ilustracionesgratis\/image-stock\/objets\/\">Objetos<\/a><\/h3>\n<\/div>\n\n\n\n<div class=\"wp-block-column\">\n<figure class=\"wp-block-image aligncenter size-large\"><a href=\"https:\/\/pinturayartistas.com\/ilustracionesgratis\/image-stock\/musica-music\/\"><img src=\"https:\/\/pinturayartistas.com\/ilustracionesgratis\/wp-content\/uploads\/2013\/11\/concierto-ilustracion1-200-200x200.jpg\" alt=\"m\u00fasica\" title=\"Ilustraciones y dise\u00f1os gratis sobre la m\u00fasica\"\/><\/a><\/figure>\n\n\n\n<h3 class=\"wp-block-heading has-text-align-center\"><a href=\"https:\/\/pinturayartistas.com\/ilustracionesgratis\/image-stock\/musica-music\/\">M\u00fasica<\/a><\/h3>\n<\/div>\n\n\n\n<div class=\"wp-block-column\">\n<figure class=\"wp-block-image aligncenter size-large\"><a href=\"https:\/\/pinturayartistas.com\/ilustracionesgratis\/image-stock\/dios-god-dieu\/\"><img src=\"https:\/\/pinturayartistas.com\/ilustracionesgratis\/wp-content\/uploads\/2012\/04\/buda-sentado200-200x200.gif\" alt=\"religi\u00f3n\" title=\"Ilustraciones y dise\u00f1os gratis sobre religiones\"\/><\/a><\/figure>\n\n\n\n<h3 class=\"wp-block-heading has-text-align-center\"><a href=\"https:\/\/pinturayartistas.com\/ilustracionesgratis\/image-stock\/dios-god-dieu\/\">Religiones<\/a><\/h3>\n<\/div>\n<\/div>\n\n\n\n<div class=\"wp-block-columns\">\n<div class=\"wp-block-column\">\n<figure class=\"wp-block-image aligncenter size-large\"><a href=\"https:\/\/pinturayartistas.com\/ilustracionesgratis\/image-stock\/ciencia\/\"><img src=\"https:\/\/pinturayartistas.com\/ilustracionesgratis\/wp-content\/uploads\/2014\/05\/submarino-redondo-cristal200-200x200.jpg\" alt=\"ciencia\" title=\"Ilustraciones y dise\u00f1os gratis sobre la ciencia\"\/><\/a><\/figure>\n\n\n\n<h3 class=\"wp-block-heading has-text-align-center\"><a href=\"https:\/\/pinturayartistas.com\/ilustracionesgratis\/image-stock\/ciencia\/\">Ciencia<\/a><\/h3>\n<\/div>\n\n\n\n<div class=\"wp-block-column\">\n<figure class=\"wp-block-image aligncenter size-large\"><a href=\"https:\/\/pinturayartistas.com\/ilustracionesgratis\/image-stock\/deporte-sport\/\"><img src=\"https:\/\/pinturayartistas.com\/ilustracionesgratis\/wp-content\/uploads\/2012\/acciones\/caminar100.gif\" alt=\"deporte\" title=\"Ilustraciones y dise\u00f1os gratis sobre deporte y deportistas\"\/><\/a><\/figure>\n\n\n\n<h3 class=\"wp-block-heading has-text-align-center\"><a href=\"https:\/\/pinturayartistas.com\/ilustracionesgratis\/image-stock\/deporte-sport\/\">Deporte<\/a><\/h3>\n<\/div>\n\n\n\n<div class=\"wp-block-column\">\n<figure class=\"wp-block-image aligncenter size-large\"><a href=\"https:\/\/pinturayartistas.com\/ilustracionesgratis\/image-stock\/expresiones\/\"><img src=\"https:\/\/pinturayartistas.com\/ilustracionesgratis\/wp-content\/uploads\/2012\/creaciones-humanas\/personas\/mujeres\/mujer-sonrisa-rostro-1plano100.gif\" alt=\"expresiones\" title=\"Ilustraciones y dise\u00f1os gratis de expresiones humanas\"\/><\/a><\/figure>\n\n\n\n<h3 class=\"wp-block-heading has-text-align-center\"><a href=\"https:\/\/pinturayartistas.com\/ilustracionesgratis\/image-stock\/expresiones\/\">Expresiones<\/a><\/h3>\n<\/div>\n\n\n\n<div class=\"wp-block-column\">\n<figure class=\"wp-block-image aligncenter size-large\"><a href=\"https:\/\/pinturayartistas.com\/ilustracionesgratis\/image-stock\/transporte-transport\/\"><img src=\"https:\/\/pinturayartistas.com\/ilustracionesgratis\/wp-content\/uploads\/2013\/09\/BARCO-CHINO200-200x200.jpg\" alt=\"trnasportes\" title=\"Ilustraciones y dise\u00f1os gratis de transportes\"\/><\/a><\/figure>\n\n\n\n<h3 class=\"wp-block-heading has-text-align-center\"><a href=\"https:\/\/pinturayartistas.com\/ilustracionesgratis\/image-stock\/transporte-transport\/\">Transportes<\/a><\/h3>\n<\/div>\n\n\n\n<div class=\"wp-block-column\">\n<figure class=\"wp-block-image aligncenter size-large\"><a href=\"https:\/\/pinturayartistas.com\/ilustracionesgratis\/image-stock\/acciones-actions-actes\/\"><img src=\"https:\/\/pinturayartistas.com\/ilustracionesgratis\/wp-content\/uploads\/2012\/09\/lady-gaga-cantando100-200x200.gif\" alt=\"acciones humanas\" title=\"Ilustraciones y dise\u00f1os gratis sobre acciones humanas\"\/><\/a><\/figure>\n\n\n\n<h3 class=\"wp-block-heading has-text-align-center\"><a href=\"https:\/\/pinturayartistas.com\/ilustracionesgratis\/image-stock\/acciones-actions-actes\/\">Acciones<\/a><\/h3>\n<\/div>\n<\/div>\n\n\n\n<hr class=\"wp-block-separator has-css-opacity\"\/>\n\n\n\n<h2 class=\"wp-block-heading has-text-align-center\">Ilustraciones destacadas sobre el mundo de los seres humanos<\/h2>\n\n\n\n<div class=\"wp-block-columns\">\n<div class=\"wp-block-column\">\n<figure class=\"wp-block-image size-large\"><a href=\"https:\/\/pinturayartistas.com\/ilustracionesgratis\/image-stock\/manos-hands-mains\/\"><img loading=\"lazy\" width=\"683\" height=\"521\" src=\"https:\/\/pinturayartistas.com\/ilustracionesgratis\/wp-content\/uploads\/2021\/03\/destacadas-manos.jpg\" alt=\"las manos\" class=\"wp-image-4205\" title=\"Ilustraciones y dise\u00f1os gratis de manos humanas\"\/><\/a><\/figure>\n\n\n\n<h3 class=\"wp-block-heading has-text-align-center\"><a href=\"https:\/\/pinturayartistas.com\/ilustracionesgratis\/image-stock\/manos-hands-mains\/\">Manos<\/a><\/h3>\n<\/div>\n\n\n\n<div class=\"wp-block-column\">\n<figure class=\"wp-block-image size-large\"><a href=\"https:\/\/pinturayartistas.com\/ilustracionesgratis\/image-stock\/tiempo-time\/\"><img loading=\"lazy\" width=\"683\" height=\"521\" src=\"https:\/\/pinturayartistas.com\/ilustracionesgratis\/wp-content\/uploads\/2021\/03\/destacadas-tiempo.jpg\" alt=\"tiempo\" class=\"wp-image-4207\" title=\"Ilustraciones y dise\u00f1os gratis sobre el tiempo\"\/><\/a><\/figure>\n\n\n\n<h3 class=\"wp-block-heading has-text-align-center\"><a href=\"https:\/\/pinturayartistas.com\/ilustracionesgratis\/image-stock\/tiempo-time\/\">Tiempo<\/a><\/h3>\n<\/div>\n<\/div>\n","protected":false},"excerpt":{"rendered":"<p>Ilustraciones con temas relacionados con la sociedad humana. Personas, todo tipo de objetos y cosas creadas por el ser humano, las artes, las ideas y los sentimientos Descubre las ilustraciones de seres humanos de todo tipo de estilos.En colores y en blanco y negro, dibujos para colorear, ilustraciones completas y para archivos de imprenta que [&hellip;]<\/p>\n","protected":false},"author":575,"featured_media":3222,"parent":0,"menu_order":3,"comment_status":"closed","ping_status":"closed","template":"","meta":[],"yoast_head":"<!-- This site is optimized with the Yoast SEO plugin v16.0 - https:\/\/yoast.com\/wordpress\/plugins\/seo\/ -->\n<title>Mundo Humano - Cristina Ilustraciones gratis, vectoriales art\u00edsticas<\/title>\n<meta name=\"description\" content=\"Ilustraciones, dise\u00f1os gr\u00e1ficos y fotograf\u00edas en el stock gratuito de im\u00e1genes. Utiliza las ilustraciones de Cristina para tus trabajos.\" \/>\n<link rel=\"canonical\" href=\"https:\/\/pinturayartistas.com\/ilustracionesgratis\/es\/mundo-humano\/\" \/>\n<meta property=\"og:locale\" content=\"en_US\" \/>\n<meta property=\"og:type\" content=\"article\" \/>\n<meta property=\"og:title\" content=\"Mundo Humano - Cristina Ilustraciones gratis, vectoriales art\u00edsticas\" \/>\n<meta property=\"og:description\" content=\"Ilustraciones, dise\u00f1os gr\u00e1ficos y fotograf\u00edas en el stock gratuito de im\u00e1genes. Utiliza las ilustraciones de Cristina para tus trabajos.\" \/>\n<meta property=\"og:url\" content=\"https:\/\/pinturayartistas.com\/ilustracionesgratis\/es\/mundo-humano\/\" \/>\n<meta property=\"og:site_name\" content=\"Cristina\" \/>\n<meta property=\"article:modified_time\" content=\"2023-08-22T14:55:43+00:00\" \/>\n<meta property=\"og:image\" content=\"https:\/\/pinturayartistas.com\/ilustracionesgratis\/wp-content\/uploads\/2013\/12\/el-hombre-y-la-mujer-ilustracion-azul200.jpg\" \/>\n\t<meta property=\"og:image:width\" content=\"200\" \/>\n\t<meta property=\"og:image:height\" content=\"200\" \/>\n<meta name=\"twitter:card\" content=\"summary_large_image\" \/>\n<meta name=\"twitter:label1\" content=\"Est. reading time\">\n\t<meta name=\"twitter:data1\" content=\"3 minutes\">\n<script type=\"application\/ld+json\" class=\"yoast-schema-graph\">{\"@context\":\"https:\/\/schema.org\",\"@graph\":[{\"@type\":\"WebSite\",\"@id\":\"https:\/\/pinturayartistas.com\/ilustracionesgratis\/#website\",\"url\":\"https:\/\/pinturayartistas.com\/ilustracionesgratis\/\",\"name\":\"Cristina\",\"description\":\"Illustrations\",\"potentialAction\":[{\"@type\":\"SearchAction\",\"target\":\"https:\/\/pinturayartistas.com\/ilustracionesgratis\/?s={search_term_string}\",\"query-input\":\"required name=search_term_string\"}],\"inLanguage\":\"en-US\"},{\"@type\":\"ImageObject\",\"@id\":\"https:\/\/pinturayartistas.com\/ilustracionesgratis\/es\/mundo-humano\/#primaryimage\",\"inLanguage\":\"en-US\",\"url\":\"https:\/\/pinturayartistas.com\/ilustracionesgratis\/wp-content\/uploads\/2013\/12\/el-hombre-y-la-mujer-ilustracion-azul200.jpg\",\"width\":200,\"height\":200,\"caption\":\"dibujo cuerpo humano\"},{\"@type\":\"WebPage\",\"@id\":\"https:\/\/pinturayartistas.com\/ilustracionesgratis\/es\/mundo-humano\/#webpage\",\"url\":\"https:\/\/pinturayartistas.com\/ilustracionesgratis\/es\/mundo-humano\/\",\"name\":\"Mundo Humano - Cristina Ilustraciones gratis, vectoriales art\\u00edsticas\",\"isPartOf\":{\"@id\":\"https:\/\/pinturayartistas.com\/ilustracionesgratis\/#website\"},\"primaryImageOfPage\":{\"@id\":\"https:\/\/pinturayartistas.com\/ilustracionesgratis\/es\/mundo-humano\/#primaryimage\"},\"datePublished\":\"2023-05-16T09:10:47+00:00\",\"dateModified\":\"2023-08-22T14:55:43+00:00\",\"description\":\"Ilustraciones, dise\\u00f1os gr\\u00e1ficos y fotograf\\u00edas en el stock gratuito de im\\u00e1genes. Utiliza las ilustraciones de Cristina para tus trabajos.\",\"breadcrumb\":{\"@id\":\"https:\/\/pinturayartistas.com\/ilustracionesgratis\/es\/mundo-humano\/#breadcrumb\"},\"inLanguage\":\"en-US\",\"potentialAction\":[{\"@type\":\"ReadAction\",\"target\":[\"https:\/\/pinturayartistas.com\/ilustracionesgratis\/es\/mundo-humano\/\"]}]},{\"@type\":\"BreadcrumbList\",\"@id\":\"https:\/\/pinturayartistas.com\/ilustracionesgratis\/es\/mundo-humano\/#breadcrumb\",\"itemListElement\":[{\"@type\":\"ListItem\",\"position\":1,\"item\":{\"@type\":\"WebPage\",\"@id\":\"https:\/\/pinturayartistas.com\/ilustracionesgratis\/\",\"url\":\"https:\/\/pinturayartistas.com\/ilustracionesgratis\/\",\"name\":\"Home\"}},{\"@type\":\"ListItem\",\"position\":2,\"item\":{\"@type\":\"WebPage\",\"@id\":\"https:\/\/pinturayartistas.com\/ilustracionesgratis\/es\/mundo-humano\/\",\"url\":\"https:\/\/pinturayartistas.com\/ilustracionesgratis\/es\/mundo-humano\/\",\"name\":\"Mundo Humano\"}}]}]}<\/script>\n<!-- \/ Yoast SEO plugin. -->","_links":{"self":[{"href":"https:\/\/pinturayartistas.com\/ilustracionesgratis\/wp-json\/wp\/v2\/pages\/5027"}],"collection":[{"href":"https:\/\/pinturayartistas.com\/ilustracionesgratis\/wp-json\/wp\/v2\/pages"}],"about":[{"href":"https:\/\/pinturayartistas.com\/ilustracionesgratis\/wp-json\/wp\/v2\/types\/page"}],"author":[{"embeddable":true,"href":"https:\/\/pinturayartistas.com\/ilustracionesgratis\/wp-json\/wp\/v2\/users\/575"}],"replies":[{"embeddable":true,"href":"https:\/\/pinturayartistas.com\/ilustracionesgratis\/wp-json\/wp\/v2\/comments?post=5027"}],"version-history":[{"count":2,"href":"https:\/\/pinturayartistas.com\/ilustracionesgratis\/wp-json\/wp\/v2\/pages\/5027\/revisions"}],"predecessor-version":[{"id":5757,"href":"https:\/\/pinturayartistas.com\/ilustracionesgratis\/wp-json\/wp\/v2\/pages\/5027\/revisions\/5757"}],"wp:featuredmedia":[{"embeddable":true,"href":"https:\/\/pinturayartistas.com\/ilustracionesgratis\/wp-json\/wp\/v2\/media\/3222"}],"wp:attachment":[{"href":"https:\/\/pinturayartistas.com\/ilustracionesgratis\/wp-json\/wp\/v2\/media?parent=5027"}],"curies":[{"name":"wp","href":"https:\/\/api.w.org\/{rel}","templated":true}]}}