{"id":5025,"date":"2023-05-16T10:08:28","date_gmt":"2023-05-16T09:08:28","guid":{"rendered":"https:\/\/pinturayartistas.com\/ilustracionesgratis\/?page_id=5025"},"modified":"2023-08-22T12:59:49","modified_gmt":"2023-08-22T11:59:49","slug":"animales","status":"publish","type":"page","link":"https:\/\/pinturayartistas.com\/ilustracionesgratis\/es\/mundo-natural\/animales\/","title":{"rendered":"Animales"},"content":{"rendered":"\n<h2 class=\"wp-block-heading has-text-align-center\">Listado de ilustraciones de Animales<\/h2>\n\n\n\n<p class=\"has-text-align-center texto-seo\">Descubre las ilustraciones de animales de todo tipo de estilos. <br>En colores y en blanco y negro, dibujos para colorear, ilustraciones completas y para archivos imprenta que tu puedes utilizar en tus art\u00edculos, dise\u00f1os y publicaciones.<\/p>\n\n\n\n<div class=\"wp-block-columns\">\n<div class=\"wp-block-column\">\n<figure class=\"wp-block-image aligncenter size-large\"><a href=\"https:\/\/pinturayartistas.com\/ilustracionesgratis\/es\/image-stock\/mamiferos-es\/\"><img src=\"https:\/\/pinturayartistas.com\/ilustracionesgratis\/wp-content\/uploads\/2012\/naturaleza\/animales\/mamiferos\/mamiferos200.jpg\" alt=\"Mam\u00edferos \" title=\"Ilustraciones y dise\u00f1os gratis de Mam\u00edferos\"\/><\/a><\/figure>\n\n\n\n<h3 class=\"wp-block-heading has-text-align-center\"><a href=\"https:\/\/pinturayartistas.com\/ilustracionesgratis\/es\/image-stock\/mamiferos-es\/\">Mam\u00edferos<\/a><\/h3>\n<\/div>\n\n\n\n<div class=\"wp-block-column\">\n<figure class=\"wp-block-image aligncenter size-large\"><a href=\"https:\/\/pinturayartistas.com\/ilustracionesgratis\/es\/image-stock\/insectos-es\/\"><img src=\"https:\/\/pinturayartistas.com\/ilustracionesgratis\/wp-content\/uploads\/2012\/naturaleza\/animales\/insectos\/insectos200.jpg\" alt=\"insectos\" title=\"Ilustraciones y dise\u00f1os gratis de insectos\"\/><\/a><\/figure>\n\n\n\n<h3 class=\"wp-block-heading has-text-align-center\"><a href=\"https:\/\/pinturayartistas.com\/ilustracionesgratis\/es\/image-stock\/insectos-es\/\">Insectos<\/a><\/h3>\n<\/div>\n\n\n\n<div class=\"wp-block-column\">\n<figure class=\"wp-block-image aligncenter size-large\"><a href=\"https:\/\/pinturayartistas.com\/ilustracionesgratis\/es\/image-stock\/aves-es\/\"><img src=\"https:\/\/pinturayartistas.com\/ilustracionesgratis\/\/wp-content\/uploads\/2012\/naturaleza\/animales\/aves\/aves200.jpg\" alt=\"\"\/><\/a><\/figure>\n\n\n\n<h3 class=\"wp-block-heading has-text-align-center\"><a href=\"https:\/\/pinturayartistas.com\/ilustracionesgratis\/es\/image-stock\/aves-es\/\">Aves<\/a><\/h3>\n<\/div>\n\n\n\n<div class=\"wp-block-column\">\n<figure class=\"wp-block-image aligncenter size-large\"><a href=\"https:\/\/pinturayartistas.com\/ilustracionesgratis\/image-stock\/peces-fish-poissons\/\"><img src=\"https:\/\/pinturayartistas.com\/ilustracionesgratis\/wp-content\/uploads\/2012\/naturaleza\/animales\/peces\/peces200.jpg\" alt=\"\"\/><\/a><\/figure>\n\n\n\n<h3 class=\"wp-block-heading has-text-align-center\"><a href=\"https:\/\/pinturayartistas.com\/ilustracionesgratis\/image-stock\/peces-fish-poissons\/\">Peces<\/a><\/h3>\n\n\n\n<p><\/p>\n<\/div>\n<\/div>\n\n\n\n<hr class=\"wp-block-separator has-css-opacity is-style-wide\"\/>\n\n\n\n<h2 class=\"wp-block-heading has-text-align-center\">Ilustraciones destacadas de animales <\/h2>\n\n\n\n<p class=\"has-text-align-center texto-seo\">Descubre alguna de las mejores ilustraciones con los animales como protagonistas.<\/p>\n\n\n\n<div class=\"wp-block-columns\">\n<div class=\"wp-block-column\">\n<figure class=\"wp-block-image size-large\"><a href=\"https:\/\/pinturayartistas.com\/ilustracionesgratis\/es\/tigre-de-rostro-sereno\/\"><img loading=\"lazy\" width=\"683\" height=\"521\" src=\"https:\/\/pinturayartistas.com\/ilustracionesgratis\/wp-content\/uploads\/2021\/03\/tigre.jpg\" alt=\"\" class=\"wp-image-4095\"\/><\/a><\/figure>\n\n\n\n<h3 class=\"wp-block-heading has-text-align-center\"><a href=\"https:\/\/pinturayartistas.com\/ilustracionesgratis\/es\/tigre-de-rostro-sereno\/\">Tigre rostro sereno<\/a><\/h3>\n<\/div>\n\n\n\n<div class=\"wp-block-column\">\n<figure class=\"wp-block-image size-large\"><a href=\"https:\/\/pinturayartistas.com\/ilustracionesgratis\/es\/image-stock\/gato-es\/\"><img loading=\"lazy\" width=\"683\" height=\"521\" src=\"https:\/\/pinturayartistas.com\/ilustracionesgratis\/wp-content\/uploads\/2021\/03\/gatos-690.jpg\" alt=\"Dibujos de gatos\" class=\"wp-image-4093\" title=\"Ilustraciones y dise\u00f1os gratis de gatos\"\/><\/a><\/figure>\n\n\n\n<h3 class=\"wp-block-heading has-text-align-center\"><a href=\"https:\/\/pinturayartistas.com\/ilustracionesgratis\/es\/image-stock\/gato-es\/\">Colecci\u00f3n ilustraciones de gatos<\/a><\/h3>\n<\/div>\n<\/div>\n\n\n\n<div class=\"wp-block-columns\">\n<div class=\"wp-block-column\">\n<figure class=\"wp-block-image size-large\"><a href=\"https:\/\/pinturayartistas.com\/ilustracionesgratis\/es\/ilustracion-el-pez-de-colores\/\"><img loading=\"lazy\" width=\"683\" height=\"521\" src=\"https:\/\/pinturayartistas.com\/ilustracionesgratis\/wp-content\/uploads\/2021\/03\/pez-colores-destacada.jpg\" alt=\"El pez de colores dibujo\" class=\"wp-image-4098\" title=\"Ilustraci\u00f3n gratis pez de colores vivos y alegres\"\/><\/a><\/figure>\n\n\n\n<h3 class=\"wp-block-heading has-text-align-center\"><a href=\"https:\/\/pinturayartistas.com\/ilustracionesgratis\/es\/ilustracion-el-pez-de-colores\/\">El pez de colores<\/a><\/h3>\n<\/div>\n\n\n\n<div class=\"wp-block-column\">\n<figure class=\"wp-block-image size-large\"><a href=\"https:\/\/pinturayartistas.com\/ilustracionesgratis\/es\/elefantes-africanos-pintura-digital\/\"><img loading=\"lazy\" width=\"1024\" height=\"783\" src=\"https:\/\/pinturayartistas.com\/ilustracionesgratis\/wp-content\/uploads\/2021\/03\/elefantes-fondo-verde-1024x783.jpg\" alt=\"Elefantes africanos pintura digital\" class=\"wp-image-3550\" title=\"Ilustraci\u00f3n digital de dos elefantes africanos machos\" srcset=\"https:\/\/pinturayartistas.com\/ilustracionesgratis\/wp-content\/uploads\/2021\/03\/elefantes-fondo-verde-1024x783.jpg 1024w, https:\/\/pinturayartistas.com\/ilustracionesgratis\/wp-content\/uploads\/2021\/03\/elefantes-fondo-verde-200x153.jpg 200w, https:\/\/pinturayartistas.com\/ilustracionesgratis\/wp-content\/uploads\/2021\/03\/elefantes-fondo-verde-768x587.jpg 768w, https:\/\/pinturayartistas.com\/ilustracionesgratis\/wp-content\/uploads\/2021\/03\/elefantes-fondo-verde-1536x1174.jpg 1536w, https:\/\/pinturayartistas.com\/ilustracionesgratis\/wp-content\/uploads\/2021\/03\/elefantes-fondo-verde.jpg 1886w\" sizes=\"(max-width: 1024px) 100vw, 1024px\" \/><\/a><\/figure>\n\n\n\n<h3 class=\"wp-block-heading has-text-align-center\"><a href=\"https:\/\/pinturayartistas.com\/ilustracionesgratis\/es\/elefantes-africanos-pintura-digital\/\">Elefantes africanos<\/a><\/h3>\n<\/div>\n<\/div>\n","protected":false},"excerpt":{"rendered":"<p>Listado de ilustraciones de Animales Descubre las ilustraciones de animales de todo tipo de estilos. En colores y en blanco y negro, dibujos para colorear, ilustraciones completas y para archivos imprenta que tu puedes utilizar en tus art\u00edculos, dise\u00f1os y publicaciones. Mam\u00edferos Insectos Aves Peces Ilustraciones destacadas de animales Descubre alguna de las mejores ilustraciones [&hellip;]<\/p>\n","protected":false},"author":575,"featured_media":4093,"parent":5018,"menu_order":1,"comment_status":"closed","ping_status":"closed","template":"","meta":[],"yoast_head":"<!-- This site is optimized with the Yoast SEO plugin v16.0 - https:\/\/yoast.com\/wordpress\/plugins\/seo\/ -->\n<title>Animales del mundo - Cristina Ilustraciones y dise\u00f1os gratis<\/title>\n<meta name=\"description\" content=\"Descarga Colecci\u00f3n de ilustraciones y dise\u00f1o gr\u00e1fico gratis creados por Cristina para los dise\u00f1adores, ilustradores y artistas multimedia.\" \/>\n<link rel=\"canonical\" href=\"https:\/\/pinturayartistas.com\/ilustracionesgratis\/es\/mundo-natural\/animales\/\" \/>\n<meta property=\"og:locale\" content=\"en_US\" \/>\n<meta property=\"og:type\" content=\"article\" \/>\n<meta property=\"og:title\" content=\"Animales del mundo - Cristina Ilustraciones y dise\u00f1os gratis\" \/>\n<meta property=\"og:description\" content=\"Descarga Colecci\u00f3n de ilustraciones y dise\u00f1o gr\u00e1fico gratis creados por Cristina para los dise\u00f1adores, ilustradores y artistas multimedia.\" \/>\n<meta property=\"og:url\" content=\"https:\/\/pinturayartistas.com\/ilustracionesgratis\/es\/mundo-natural\/animales\/\" \/>\n<meta property=\"og:site_name\" content=\"Cristina\" \/>\n<meta property=\"article:modified_time\" content=\"2023-08-22T11:59:49+00:00\" \/>\n<meta property=\"og:image\" content=\"https:\/\/pinturayartistas.com\/ilustracionesgratis\/wp-content\/uploads\/2021\/03\/gatos-690.jpg\" \/>\n\t<meta property=\"og:image:width\" content=\"683\" \/>\n\t<meta property=\"og:image:height\" content=\"521\" \/>\n<meta name=\"twitter:card\" content=\"summary_large_image\" \/>\n<meta name=\"twitter:label1\" content=\"Est. reading time\">\n\t<meta name=\"twitter:data1\" content=\"2 minutes\">\n<script type=\"application\/ld+json\" class=\"yoast-schema-graph\">{\"@context\":\"https:\/\/schema.org\",\"@graph\":[{\"@type\":\"WebSite\",\"@id\":\"https:\/\/pinturayartistas.com\/ilustracionesgratis\/#website\",\"url\":\"https:\/\/pinturayartistas.com\/ilustracionesgratis\/\",\"name\":\"Cristina\",\"description\":\"Illustrations\",\"potentialAction\":[{\"@type\":\"SearchAction\",\"target\":\"https:\/\/pinturayartistas.com\/ilustracionesgratis\/?s={search_term_string}\",\"query-input\":\"required name=search_term_string\"}],\"inLanguage\":\"en-US\"},{\"@type\":\"ImageObject\",\"@id\":\"https:\/\/pinturayartistas.com\/ilustracionesgratis\/es\/mundo-natural\/animales\/#primaryimage\",\"inLanguage\":\"en-US\",\"url\":\"https:\/\/pinturayartistas.com\/ilustracionesgratis\/wp-content\/uploads\/2021\/03\/gatos-690.jpg\",\"width\":683,\"height\":521},{\"@type\":\"WebPage\",\"@id\":\"https:\/\/pinturayartistas.com\/ilustracionesgratis\/es\/mundo-natural\/animales\/#webpage\",\"url\":\"https:\/\/pinturayartistas.com\/ilustracionesgratis\/es\/mundo-natural\/animales\/\",\"name\":\"Animales del mundo - Cristina Ilustraciones y dise\\u00f1os gratis\",\"isPartOf\":{\"@id\":\"https:\/\/pinturayartistas.com\/ilustracionesgratis\/#website\"},\"primaryImageOfPage\":{\"@id\":\"https:\/\/pinturayartistas.com\/ilustracionesgratis\/es\/mundo-natural\/animales\/#primaryimage\"},\"datePublished\":\"2023-05-16T09:08:28+00:00\",\"dateModified\":\"2023-08-22T11:59:49+00:00\",\"description\":\"Descarga Colecci\\u00f3n de ilustraciones y dise\\u00f1o gr\\u00e1fico gratis creados por Cristina para los dise\\u00f1adores, ilustradores y artistas multimedia.\",\"breadcrumb\":{\"@id\":\"https:\/\/pinturayartistas.com\/ilustracionesgratis\/es\/mundo-natural\/animales\/#breadcrumb\"},\"inLanguage\":\"en-US\",\"potentialAction\":[{\"@type\":\"ReadAction\",\"target\":[\"https:\/\/pinturayartistas.com\/ilustracionesgratis\/es\/mundo-natural\/animales\/\"]}]},{\"@type\":\"BreadcrumbList\",\"@id\":\"https:\/\/pinturayartistas.com\/ilustracionesgratis\/es\/mundo-natural\/animales\/#breadcrumb\",\"itemListElement\":[{\"@type\":\"ListItem\",\"position\":1,\"item\":{\"@type\":\"WebPage\",\"@id\":\"https:\/\/pinturayartistas.com\/ilustracionesgratis\/\",\"url\":\"https:\/\/pinturayartistas.com\/ilustracionesgratis\/\",\"name\":\"Home\"}},{\"@type\":\"ListItem\",\"position\":2,\"item\":{\"@type\":\"WebPage\",\"@id\":\"https:\/\/pinturayartistas.com\/ilustracionesgratis\/es\/mundo-natural\/\",\"url\":\"https:\/\/pinturayartistas.com\/ilustracionesgratis\/es\/mundo-natural\/\",\"name\":\"Mundo Natural\"}},{\"@type\":\"ListItem\",\"position\":3,\"item\":{\"@type\":\"WebPage\",\"@id\":\"https:\/\/pinturayartistas.com\/ilustracionesgratis\/es\/mundo-natural\/animales\/\",\"url\":\"https:\/\/pinturayartistas.com\/ilustracionesgratis\/es\/mundo-natural\/animales\/\",\"name\":\"Animales\"}}]}]}<\/script>\n<!-- \/ Yoast SEO plugin. -->","_links":{"self":[{"href":"https:\/\/pinturayartistas.com\/ilustracionesgratis\/wp-json\/wp\/v2\/pages\/5025"}],"collection":[{"href":"https:\/\/pinturayartistas.com\/ilustracionesgratis\/wp-json\/wp\/v2\/pages"}],"about":[{"href":"https:\/\/pinturayartistas.com\/ilustracionesgratis\/wp-json\/wp\/v2\/types\/page"}],"author":[{"embeddable":true,"href":"https:\/\/pinturayartistas.com\/ilustracionesgratis\/wp-json\/wp\/v2\/users\/575"}],"replies":[{"embeddable":true,"href":"https:\/\/pinturayartistas.com\/ilustracionesgratis\/wp-json\/wp\/v2\/comments?post=5025"}],"version-history":[{"count":6,"href":"https:\/\/pinturayartistas.com\/ilustracionesgratis\/wp-json\/wp\/v2\/pages\/5025\/revisions"}],"predecessor-version":[{"id":5742,"href":"https:\/\/pinturayartistas.com\/ilustracionesgratis\/wp-json\/wp\/v2\/pages\/5025\/revisions\/5742"}],"up":[{"embeddable":true,"href":"https:\/\/pinturayartistas.com\/ilustracionesgratis\/wp-json\/wp\/v2\/pages\/5018"}],"wp:featuredmedia":[{"embeddable":true,"href":"https:\/\/pinturayartistas.com\/ilustracionesgratis\/wp-json\/wp\/v2\/media\/4093"}],"wp:attachment":[{"href":"https:\/\/pinturayartistas.com\/ilustracionesgratis\/wp-json\/wp\/v2\/media?parent=5025"}],"curies":[{"name":"wp","href":"https:\/\/api.w.org\/{rel}","templated":true}]}}