{"id":5014,"date":"2023-05-16T09:56:21","date_gmt":"2023-05-16T08:56:21","guid":{"rendered":"https:\/\/pinturayartistas.com\/ilustracionesgratis\/?page_id=5014"},"modified":"2023-05-16T09:56:58","modified_gmt":"2023-05-16T08:56:58","slug":"my-presentation-mi-presentacion","status":"publish","type":"page","link":"https:\/\/pinturayartistas.com\/ilustracionesgratis\/es\/my-presentation-mi-presentacion\/","title":{"rendered":"Mi presentaci\u00f3n"},"content":{"rendered":"\n<div class=\"wp-block-columns\">\n<div class=\"wp-block-column\">\n<h2 class=\"wp-block-heading\" style=\"font-size:24px\">Hola, soy Cristina Alejos, pintora, ilustradora y dise\u00f1adora de sitios web<\/h2>\n\n\n\n<p>Desde siempre he sido muy productiva en <strong>creaci\u00f3n de im\u00e1genes<\/strong>. Me gusta hacer <strong>experimentos<\/strong>, convertir fotos a dibujos, encontrar fotos curiosas y hallar en ellas una expresi\u00f3n en forma de dibujo. Se trata de una <strong>pasi\u00f3n <\/strong>curiosa por lo visual que me impulsa a crear m\u00e1s y m\u00e1s.<\/p>\n\n\n\n<p>Con tal cantidad de <strong>fotos e ilustraciones<\/strong>, decid\u00ed en el a\u00f1o 2011 crear un sitio web llamado Ilustracionesgratis.com. El proyecto tuvo que ser suspendido y abandon\u00e9 el dominio. En 2021 decid\u00ed reprender este portal dedicado a compartir im\u00e1genes y recursos visuales para todo el mundo.<\/p>\n\n\n\n<p>Soy espa\u00f1ola y vivo en Valencia.<\/p>\n\n\n\n<figure class=\"wp-block-image aligncenter size-large\"><img loading=\"lazy\" width=\"299\" height=\"145\" src=\"https:\/\/pinturayartistas.com\/ilustracionesgratis\/wp-content\/uploads\/2021\/04\/logo-transparente-cristina-illustrations.png\" alt=\"\" class=\"wp-image-4623\"\/><\/figure>\n<\/div>\n\n\n\n<div class=\"wp-block-column\">\n<figure class=\"wp-block-image size-large\"><a href=\"https:\/\/pinturayartistas.com\/ilustracionesgratis\/wp-content\/uploads\/2021\/02\/presentacion-pag-ilustraciones.gif\"><img loading=\"lazy\" width=\"709\" height=\"709\" src=\"https:\/\/pinturayartistas.com\/ilustracionesgratis\/wp-content\/uploads\/2021\/02\/presentacion-pag-ilustraciones.gif\" alt=\"Cristina Alejos\" class=\"wp-image-1967\" title=\"Presentaci\u00f3n de Cristina Alejos\"\/><\/a><figcaption class=\"wp-element-caption\">Cristina Alejos<\/figcaption><\/figure>\n<\/div>\n<\/div>\n\n\n\n<p>Recursos visuales libres de derechos de autor<\/p>\n\n\n\n<p>Todas  las im\u00e1genes est\u00e1n registradas en Copy Left, es decir, registradas como autora Cristina Alejos y con permiso de utilizaci\u00f3n libre. Por eso es posible descargar las im\u00e1genes f\u00e1cilmente en este portal web.<\/p>\n\n\n\n<p>Utiliza las im\u00e1genes para tus proyectos y art\u00edculos<\/p>\n\n\n\n<p>En Internet existen infinidad de contenidos que necesitan ser acompa\u00f1ados de algunas im\u00e1genes. Con las im\u00e1genes de <strong>pinturayartistas.com\/ilustracionesgratis <\/strong>puedes f\u00e1cilmente a\u00f1adir una cabecera a tu art\u00edculo, una foto al lado de un texto o como im\u00e1genes de fondo. Eres libre para usarlas.<\/p>\n\n\n\n<p><\/p>\n","protected":false},"excerpt":{"rendered":"<p>Hola, soy Cristina Alejos, pintora, ilustradora y dise\u00f1adora de sitios web Desde siempre he sido muy productiva en creaci\u00f3n de im\u00e1genes. Me gusta hacer experimentos, convertir fotos a dibujos, encontrar fotos curiosas y hallar en ellas una expresi\u00f3n en forma de dibujo. Se trata de una pasi\u00f3n curiosa por lo visual que me impulsa a [&hellip;]<\/p>\n","protected":false},"author":575,"featured_media":1967,"parent":0,"menu_order":1,"comment_status":"open","ping_status":"open","template":"","meta":[],"yoast_head":"<!-- This site is optimized with the Yoast SEO plugin v16.0 - https:\/\/yoast.com\/wordpress\/plugins\/seo\/ -->\n<title>Mi presentaci\u00f3n - Cristina<\/title>\n<link rel=\"canonical\" href=\"https:\/\/pinturayartistas.com\/ilustracionesgratis\/es\/my-presentation-mi-presentacion\/\" \/>\n<meta property=\"og:locale\" content=\"en_US\" \/>\n<meta property=\"og:type\" content=\"article\" \/>\n<meta property=\"og:title\" content=\"Mi presentaci\u00f3n - Cristina\" \/>\n<meta property=\"og:description\" content=\"Hola, soy Cristina Alejos, pintora, ilustradora y dise\u00f1adora de sitios web Desde siempre he sido muy productiva en creaci\u00f3n de im\u00e1genes. Me gusta hacer experimentos, convertir fotos a dibujos, encontrar fotos curiosas y hallar en ellas una expresi\u00f3n en forma de dibujo. Se trata de una pasi\u00f3n curiosa por lo visual que me impulsa a [&hellip;]\" \/>\n<meta property=\"og:url\" content=\"https:\/\/pinturayartistas.com\/ilustracionesgratis\/es\/my-presentation-mi-presentacion\/\" \/>\n<meta property=\"og:site_name\" content=\"Cristina\" \/>\n<meta property=\"article:modified_time\" content=\"2023-05-16T08:56:58+00:00\" \/>\n<meta property=\"og:image\" content=\"https:\/\/pinturayartistas.com\/ilustracionesgratis\/wp-content\/uploads\/2021\/02\/presentacion-pag-ilustraciones.gif\" \/>\n\t<meta property=\"og:image:width\" content=\"709\" \/>\n\t<meta property=\"og:image:height\" content=\"709\" \/>\n<meta name=\"twitter:card\" content=\"summary_large_image\" \/>\n<meta name=\"twitter:label1\" content=\"Est. reading time\">\n\t<meta name=\"twitter:data1\" content=\"2 minutes\">\n<script type=\"application\/ld+json\" class=\"yoast-schema-graph\">{\"@context\":\"https:\/\/schema.org\",\"@graph\":[{\"@type\":\"WebSite\",\"@id\":\"https:\/\/pinturayartistas.com\/ilustracionesgratis\/#website\",\"url\":\"https:\/\/pinturayartistas.com\/ilustracionesgratis\/\",\"name\":\"Cristina\",\"description\":\"Illustrations\",\"potentialAction\":[{\"@type\":\"SearchAction\",\"target\":\"https:\/\/pinturayartistas.com\/ilustracionesgratis\/?s={search_term_string}\",\"query-input\":\"required name=search_term_string\"}],\"inLanguage\":\"en-US\"},{\"@type\":\"ImageObject\",\"@id\":\"https:\/\/pinturayartistas.com\/ilustracionesgratis\/es\/my-presentation-mi-presentacion\/#primaryimage\",\"inLanguage\":\"en-US\",\"url\":\"https:\/\/pinturayartistas.com\/ilustracionesgratis\/wp-content\/uploads\/2021\/02\/presentacion-pag-ilustraciones.gif\",\"width\":709,\"height\":709},{\"@type\":\"WebPage\",\"@id\":\"https:\/\/pinturayartistas.com\/ilustracionesgratis\/es\/my-presentation-mi-presentacion\/#webpage\",\"url\":\"https:\/\/pinturayartistas.com\/ilustracionesgratis\/es\/my-presentation-mi-presentacion\/\",\"name\":\"Mi presentaci\\u00f3n - Cristina\",\"isPartOf\":{\"@id\":\"https:\/\/pinturayartistas.com\/ilustracionesgratis\/#website\"},\"primaryImageOfPage\":{\"@id\":\"https:\/\/pinturayartistas.com\/ilustracionesgratis\/es\/my-presentation-mi-presentacion\/#primaryimage\"},\"datePublished\":\"2023-05-16T08:56:21+00:00\",\"dateModified\":\"2023-05-16T08:56:58+00:00\",\"breadcrumb\":{\"@id\":\"https:\/\/pinturayartistas.com\/ilustracionesgratis\/es\/my-presentation-mi-presentacion\/#breadcrumb\"},\"inLanguage\":\"en-US\",\"potentialAction\":[{\"@type\":\"ReadAction\",\"target\":[\"https:\/\/pinturayartistas.com\/ilustracionesgratis\/es\/my-presentation-mi-presentacion\/\"]}]},{\"@type\":\"BreadcrumbList\",\"@id\":\"https:\/\/pinturayartistas.com\/ilustracionesgratis\/es\/my-presentation-mi-presentacion\/#breadcrumb\",\"itemListElement\":[{\"@type\":\"ListItem\",\"position\":1,\"item\":{\"@type\":\"WebPage\",\"@id\":\"https:\/\/pinturayartistas.com\/ilustracionesgratis\/\",\"url\":\"https:\/\/pinturayartistas.com\/ilustracionesgratis\/\",\"name\":\"Home\"}},{\"@type\":\"ListItem\",\"position\":2,\"item\":{\"@type\":\"WebPage\",\"@id\":\"https:\/\/pinturayartistas.com\/ilustracionesgratis\/es\/my-presentation-mi-presentacion\/\",\"url\":\"https:\/\/pinturayartistas.com\/ilustracionesgratis\/es\/my-presentation-mi-presentacion\/\",\"name\":\"Mi presentaci\\u00f3n\"}}]}]}<\/script>\n<!-- \/ Yoast SEO plugin. -->","_links":{"self":[{"href":"https:\/\/pinturayartistas.com\/ilustracionesgratis\/wp-json\/wp\/v2\/pages\/5014"}],"collection":[{"href":"https:\/\/pinturayartistas.com\/ilustracionesgratis\/wp-json\/wp\/v2\/pages"}],"about":[{"href":"https:\/\/pinturayartistas.com\/ilustracionesgratis\/wp-json\/wp\/v2\/types\/page"}],"author":[{"embeddable":true,"href":"https:\/\/pinturayartistas.com\/ilustracionesgratis\/wp-json\/wp\/v2\/users\/575"}],"replies":[{"embeddable":true,"href":"https:\/\/pinturayartistas.com\/ilustracionesgratis\/wp-json\/wp\/v2\/comments?post=5014"}],"version-history":[{"count":2,"href":"https:\/\/pinturayartistas.com\/ilustracionesgratis\/wp-json\/wp\/v2\/pages\/5014\/revisions"}],"predecessor-version":[{"id":5016,"href":"https:\/\/pinturayartistas.com\/ilustracionesgratis\/wp-json\/wp\/v2\/pages\/5014\/revisions\/5016"}],"wp:featuredmedia":[{"embeddable":true,"href":"https:\/\/pinturayartistas.com\/ilustracionesgratis\/wp-json\/wp\/v2\/media\/1967"}],"wp:attachment":[{"href":"https:\/\/pinturayartistas.com\/ilustracionesgratis\/wp-json\/wp\/v2\/media?parent=5014"}],"curies":[{"name":"wp","href":"https:\/\/api.w.org\/{rel}","templated":true}]}}