{"id":4980,"date":"2023-04-21T12:09:29","date_gmt":"2023-04-21T11:09:29","guid":{"rendered":"https:\/\/pinturayartistas.com\/ilustracionesgratis\/?page_id=4980"},"modified":"2023-04-21T12:09:29","modified_gmt":"2023-04-21T11:09:29","slug":"contacto","status":"publish","type":"page","link":"https:\/\/pinturayartistas.com\/ilustracionesgratis\/es\/contacto\/","title":{"rendered":"Contacto"},"content":{"rendered":"\n<div class=\"wp-block-columns\">\n<div class=\"wp-block-column\">\n<h2 class=\"wp-block-heading\">Creaci\u00f3n de ilustraciones para clientes<\/h2>\n\n\n\n<p>Si deseas una ilustraci\u00f3n espec\u00edfica, contacta conmigo y podemos crear juntos las ilustraciones y dibujos que necesitas. Quiz\u00e1s necesitas expresar una idea, convertir una fotograf\u00eda en ilustraci\u00f3n o crear un dibujo con una idea tuya. Seguro que yo puedo ayudarte.<\/p>\n\n\n\n<p>Escr\u00edbeme un e-mail: <a href=\"mailto:pinturayartistas@gmail.com\"><u><strong>pinturayartistas@gmail.com<\/strong><\/u><\/a><\/p>\n\n\n\n<p>Te invito a conocer mi tienda de lienzos impresos en Etsy. Todos los cuadros han sido creados a partir de mis pinturas al \u00f3leo.<\/p>\n\n\n\n<div class=\"wp-container-1 wp-block-buttons\">\n<div class=\"wp-block-button\"><a class=\"wp-block-button__link wp-element-button\" href=\"https:\/\/www.etsy.com\/fr\/shop\/AtelierdeCristina\" target=\"_blank\" rel=\"noreferrer noopener\">Atelier de Cristina en Etsy<\/a><\/div>\n<\/div>\n<\/div>\n\n\n\n<div class=\"wp-block-column\">\n<figure class=\"wp-block-image size-large\"><img src=\"https:\/\/pinturayartistas.com\/ilustracionesgratis\/wp-content\/uploads\/2021\/03\/servicios-ilustracion.jpg\" alt=\"\"\/><\/figure>\n<\/div>\n<\/div>\n\n\n\n<div class=\"wp-container-2 wp-block-buttons\"><\/div>\n\n\n\n<hr class=\"wp-block-separator has-css-opacity\"\/>\n","protected":false},"excerpt":{"rendered":"<p>Creaci\u00f3n de ilustraciones para clientes Si deseas una ilustraci\u00f3n espec\u00edfica, contacta conmigo y podemos crear juntos las ilustraciones y dibujos que necesitas. Quiz\u00e1s necesitas expresar una idea, convertir una fotograf\u00eda en ilustraci\u00f3n o crear un dibujo con una idea tuya. Seguro que yo puedo ayudarte. Escr\u00edbeme un e-mail: pinturayartistas@gmail.com Te invito a conocer mi tienda [&hellip;]<\/p>\n","protected":false},"author":575,"featured_media":0,"parent":0,"menu_order":0,"comment_status":"closed","ping_status":"closed","template":"","meta":[],"yoast_head":"<!-- This site is optimized with the Yoast SEO plugin v16.0 - https:\/\/yoast.com\/wordpress\/plugins\/seo\/ -->\n<title>Contacto - Cristina<\/title>\n<link rel=\"canonical\" href=\"https:\/\/pinturayartistas.com\/ilustracionesgratis\/es\/contacto\/\" \/>\n<meta property=\"og:locale\" content=\"en_US\" \/>\n<meta property=\"og:type\" content=\"article\" \/>\n<meta property=\"og:title\" content=\"Contacto - Cristina\" \/>\n<meta property=\"og:description\" content=\"Creaci\u00f3n de ilustraciones para clientes Si deseas una ilustraci\u00f3n espec\u00edfica, contacta conmigo y podemos crear juntos las ilustraciones y dibujos que necesitas. Quiz\u00e1s necesitas expresar una idea, convertir una fotograf\u00eda en ilustraci\u00f3n o crear un dibujo con una idea tuya. Seguro que yo puedo ayudarte. Escr\u00edbeme un e-mail: pinturayartistas@gmail.com Te invito a conocer mi tienda [&hellip;]\" \/>\n<meta property=\"og:url\" content=\"https:\/\/pinturayartistas.com\/ilustracionesgratis\/es\/contacto\/\" \/>\n<meta property=\"og:site_name\" content=\"Cristina\" \/>\n<meta property=\"og:image\" content=\"https:\/\/pinturayartistas.com\/ilustracionesgratis\/wp-content\/uploads\/2021\/03\/servicios-ilustracion.jpg\" \/>\n<meta name=\"twitter:card\" content=\"summary_large_image\" \/>\n<meta name=\"twitter:label1\" content=\"Est. reading time\">\n\t<meta name=\"twitter:data1\" content=\"1 minute\">\n<script type=\"application\/ld+json\" class=\"yoast-schema-graph\">{\"@context\":\"https:\/\/schema.org\",\"@graph\":[{\"@type\":\"WebSite\",\"@id\":\"https:\/\/pinturayartistas.com\/ilustracionesgratis\/#website\",\"url\":\"https:\/\/pinturayartistas.com\/ilustracionesgratis\/\",\"name\":\"Cristina\",\"description\":\"Illustrations\",\"potentialAction\":[{\"@type\":\"SearchAction\",\"target\":\"https:\/\/pinturayartistas.com\/ilustracionesgratis\/?s={search_term_string}\",\"query-input\":\"required name=search_term_string\"}],\"inLanguage\":\"en-US\"},{\"@type\":\"ImageObject\",\"@id\":\"https:\/\/pinturayartistas.com\/ilustracionesgratis\/es\/contacto\/#primaryimage\",\"inLanguage\":\"en-US\",\"url\":\"https:\/\/pinturayartistas.com\/ilustracionesgratis\/wp-content\/uploads\/2021\/03\/servicios-ilustracion.jpg\",\"width\":629,\"height\":442},{\"@type\":\"WebPage\",\"@id\":\"https:\/\/pinturayartistas.com\/ilustracionesgratis\/es\/contacto\/#webpage\",\"url\":\"https:\/\/pinturayartistas.com\/ilustracionesgratis\/es\/contacto\/\",\"name\":\"Contacto - Cristina\",\"isPartOf\":{\"@id\":\"https:\/\/pinturayartistas.com\/ilustracionesgratis\/#website\"},\"primaryImageOfPage\":{\"@id\":\"https:\/\/pinturayartistas.com\/ilustracionesgratis\/es\/contacto\/#primaryimage\"},\"datePublished\":\"2023-04-21T11:09:29+00:00\",\"dateModified\":\"2023-04-21T11:09:29+00:00\",\"breadcrumb\":{\"@id\":\"https:\/\/pinturayartistas.com\/ilustracionesgratis\/es\/contacto\/#breadcrumb\"},\"inLanguage\":\"en-US\",\"potentialAction\":[{\"@type\":\"ReadAction\",\"target\":[\"https:\/\/pinturayartistas.com\/ilustracionesgratis\/es\/contacto\/\"]}]},{\"@type\":\"BreadcrumbList\",\"@id\":\"https:\/\/pinturayartistas.com\/ilustracionesgratis\/es\/contacto\/#breadcrumb\",\"itemListElement\":[{\"@type\":\"ListItem\",\"position\":1,\"item\":{\"@type\":\"WebPage\",\"@id\":\"https:\/\/pinturayartistas.com\/ilustracionesgratis\/\",\"url\":\"https:\/\/pinturayartistas.com\/ilustracionesgratis\/\",\"name\":\"Home\"}},{\"@type\":\"ListItem\",\"position\":2,\"item\":{\"@type\":\"WebPage\",\"@id\":\"https:\/\/pinturayartistas.com\/ilustracionesgratis\/es\/contacto\/\",\"url\":\"https:\/\/pinturayartistas.com\/ilustracionesgratis\/es\/contacto\/\",\"name\":\"Contacto\"}}]}]}<\/script>\n<!-- \/ Yoast SEO plugin. -->","_links":{"self":[{"href":"https:\/\/pinturayartistas.com\/ilustracionesgratis\/wp-json\/wp\/v2\/pages\/4980"}],"collection":[{"href":"https:\/\/pinturayartistas.com\/ilustracionesgratis\/wp-json\/wp\/v2\/pages"}],"about":[{"href":"https:\/\/pinturayartistas.com\/ilustracionesgratis\/wp-json\/wp\/v2\/types\/page"}],"author":[{"embeddable":true,"href":"https:\/\/pinturayartistas.com\/ilustracionesgratis\/wp-json\/wp\/v2\/users\/575"}],"replies":[{"embeddable":true,"href":"https:\/\/pinturayartistas.com\/ilustracionesgratis\/wp-json\/wp\/v2\/comments?post=4980"}],"version-history":[{"count":1,"href":"https:\/\/pinturayartistas.com\/ilustracionesgratis\/wp-json\/wp\/v2\/pages\/4980\/revisions"}],"predecessor-version":[{"id":4981,"href":"https:\/\/pinturayartistas.com\/ilustracionesgratis\/wp-json\/wp\/v2\/pages\/4980\/revisions\/4981"}],"wp:attachment":[{"href":"https:\/\/pinturayartistas.com\/ilustracionesgratis\/wp-json\/wp\/v2\/media?parent=4980"}],"curies":[{"name":"wp","href":"https:\/\/api.w.org\/{rel}","templated":true}]}}