{"id":4964,"date":"2023-04-20T15:34:11","date_gmt":"2023-04-20T14:34:11","guid":{"rendered":"https:\/\/pinturayartistas.com\/ilustracionesgratis\/inicio-espanol\/"},"modified":"2023-11-01T17:04:00","modified_gmt":"2023-11-01T16:04:00","slug":"inicio","status":"publish","type":"page","link":"https:\/\/pinturayartistas.com\/ilustracionesgratis\/es\/inicio\/","title":{"rendered":"Inicio"},"content":{"rendered":"\n<p><\/p>\n\n\n\n<div class=\"wp-block-columns\">\n<div class=\"wp-block-column\">\n<figure class=\"wp-block-image size-large\"><img loading=\"lazy\" width=\"629\" height=\"442\" src=\"https:\/\/pinturayartistas.com\/ilustracionesgratis\/wp-content\/uploads\/2021\/03\/servicios-ilustracion.jpg\" alt=\"Servicios de ilustraci\u00f3n\" class=\"wp-image-4333\" title=\"Ilustraciones de Cristina Alejos\"\/><\/figure>\n<\/div>\n\n\n\n<div class=\"wp-block-column\">\n<h1 class=\"wp-block-heading has-text-align-left inicio\" style=\"font-size:26px\">Bienvenido\/a a Cristina Ilustraciones. <strong>Stock<\/strong> gratis de im\u00e1genes, ilustraciones y dibujos.<\/h1>\n\n\n\n<p>Busca una ilustraci\u00f3n, descarga directamente el archivo de imagen en formato JPG, GIF, SVG o PNG y util\u00edzalo en tu dise\u00f1o. Todo es gratis y sin inscripci\u00f3n.<\/p>\n\n\n\n<p>Estas son las ilustraciones experimentales de Cristina Alejos para ilustrar nuevas ideas, expresiones y conceptos.<\/p>\n\n\n\n<div class=\"wp-container-1 wp-block-buttons\">\n<div class=\"wp-block-button\"><a class=\"wp-block-button__link wp-element-button\" href=\"https:\/\/pinturayartistas.com\/ilustracionesgratis\/es\/banco-de-imagenes\/\">Banco de im\u00e1genes<\/a><\/div>\n<\/div>\n<\/div>\n<\/div>\n\n\n\n<div style=\"height:40px\" aria-hidden=\"true\" class=\"wp-block-spacer\"><\/div>\n\n\n\n<h2 class=\"wp-block-heading has-text-align-center\">Nuevas ilustraciones<\/h2>\n\n\n<ul class=\"wp-block-latest-posts__list is-grid columns-3 wp-block-latest-posts\"><li><div class=\"wp-block-latest-posts__featured-image aligncenter\"><a href=\"https:\/\/pinturayartistas.com\/ilustracionesgratis\/es\/ilustracion-de-una-ciudad-con-formas-geometricas\/\"><img width=\"200\" height=\"200\" src=\"https:\/\/pinturayartistas.com\/ilustracionesgratis\/wp-content\/uploads\/2023\/08\/ciudad-abstraccion-city-shapes-200.jpg\" class=\"attachment-large size-large wp-post-image\" alt=\"city abstraction\" loading=\"lazy\" style=\"max-width:256px;max-height:256px;\" \/><\/a><\/div><a href=\"https:\/\/pinturayartistas.com\/ilustracionesgratis\/es\/ilustracion-de-una-ciudad-con-formas-geometricas\/\">Ilustraci\u00f3n de una ciudad con formas geom\u00e9tricas<\/a><\/li>\n<li><div class=\"wp-block-latest-posts__featured-image aligncenter\"><a href=\"https:\/\/pinturayartistas.com\/ilustracionesgratis\/city-illustration-with-geometries\/\"><img width=\"200\" height=\"200\" src=\"https:\/\/pinturayartistas.com\/ilustracionesgratis\/wp-content\/uploads\/2023\/08\/ciudad-abstraccion-city-shapes-200.jpg\" class=\"attachment-large size-large wp-post-image\" alt=\"city abstraction\" loading=\"lazy\" style=\"max-width:256px;max-height:256px;\" \/><\/a><\/div><a href=\"https:\/\/pinturayartistas.com\/ilustracionesgratis\/city-illustration-with-geometries\/\">City illustration with geometries<\/a><\/li>\n<li><div class=\"wp-block-latest-posts__featured-image aligncenter\"><a href=\"https:\/\/pinturayartistas.com\/ilustracionesgratis\/es\/ilustracion-del-rostro-de-un-gato-persa\/\"><img width=\"200\" height=\"200\" src=\"https:\/\/pinturayartistas.com\/ilustracionesgratis\/wp-content\/uploads\/2013\/01\/gato-persa-rostro100.jpg\" class=\"attachment-large size-large wp-post-image\" alt=\"cara de gato dibujo\" loading=\"lazy\" style=\"max-width:256px;max-height:256px;\" srcset=\"https:\/\/pinturayartistas.com\/ilustracionesgratis\/wp-content\/uploads\/2013\/01\/gato-persa-rostro100.jpg 200w, https:\/\/pinturayartistas.com\/ilustracionesgratis\/wp-content\/uploads\/2013\/01\/gato-persa-rostro100-100x100.jpg 100w\" sizes=\"(max-width: 200px) 100vw, 200px\" \/><\/a><\/div><a href=\"https:\/\/pinturayartistas.com\/ilustracionesgratis\/es\/ilustracion-del-rostro-de-un-gato-persa\/\">Ilustraci\u00f3n del rostro de un gato persa<\/a><\/li>\n<li><div class=\"wp-block-latest-posts__featured-image aligncenter\"><a href=\"https:\/\/pinturayartistas.com\/ilustracionesgratis\/es\/textura-de-saco-tejido-grueso-2\/\"><img width=\"200\" height=\"200\" src=\"https:\/\/pinturayartistas.com\/ilustracionesgratis\/wp-content\/uploads\/2013\/01\/textura-saco100.jpg\" class=\"attachment-large size-large wp-post-image\" alt=\"\" loading=\"lazy\" style=\"max-width:256px;max-height:256px;\" srcset=\"https:\/\/pinturayartistas.com\/ilustracionesgratis\/wp-content\/uploads\/2013\/01\/textura-saco100.jpg 200w, https:\/\/pinturayartistas.com\/ilustracionesgratis\/wp-content\/uploads\/2013\/01\/textura-saco100-100x100.jpg 100w\" sizes=\"(max-width: 200px) 100vw, 200px\" \/><\/a><\/div><a href=\"https:\/\/pinturayartistas.com\/ilustracionesgratis\/es\/textura-de-saco-tejido-grueso-2\/\">Textura de saco &#8211; tejido grueso<\/a><\/li>\n<li><div class=\"wp-block-latest-posts__featured-image aligncenter\"><a href=\"https:\/\/pinturayartistas.com\/ilustracionesgratis\/es\/ilustracion-del-fuego-2\/\"><img width=\"200\" height=\"200\" src=\"https:\/\/pinturayartistas.com\/ilustracionesgratis\/wp-content\/uploads\/2013\/01\/fuegos1-100.gif\" class=\"attachment-large size-large wp-post-image\" alt=\"fuego\" loading=\"lazy\" style=\"max-width:256px;max-height:256px;\" \/><\/a><\/div><a href=\"https:\/\/pinturayartistas.com\/ilustracionesgratis\/es\/ilustracion-del-fuego-2\/\">Ilustraci\u00f3n del fuego<\/a><\/li>\n<li><div class=\"wp-block-latest-posts__featured-image aligncenter\"><a href=\"https:\/\/pinturayartistas.com\/ilustracionesgratis\/es\/textura-con-formas-geometricas\/\"><img width=\"200\" height=\"200\" src=\"https:\/\/pinturayartistas.com\/ilustracionesgratis\/wp-content\/uploads\/2013\/01\/sierpenski-mirror-100.jpg\" class=\"attachment-large size-large wp-post-image\" alt=\"formas geom\u00e9tricas\" loading=\"lazy\" style=\"max-width:256px;max-height:256px;\" srcset=\"https:\/\/pinturayartistas.com\/ilustracionesgratis\/wp-content\/uploads\/2013\/01\/sierpenski-mirror-100.jpg 200w, https:\/\/pinturayartistas.com\/ilustracionesgratis\/wp-content\/uploads\/2013\/01\/sierpenski-mirror-100-100x100.jpg 100w\" sizes=\"(max-width: 200px) 100vw, 200px\" \/><\/a><\/div><a href=\"https:\/\/pinturayartistas.com\/ilustracionesgratis\/es\/textura-con-formas-geometricas\/\">Textura con formas geom\u00e9tricas<\/a><\/li>\n<li><div class=\"wp-block-latest-posts__featured-image aligncenter\"><a href=\"https:\/\/pinturayartistas.com\/ilustracionesgratis\/es\/vidrieras-en-verdes-y-negros-2\/\"><img width=\"200\" height=\"200\" src=\"https:\/\/pinturayartistas.com\/ilustracionesgratis\/wp-content\/uploads\/2012\/12\/vidriera-verdes-negros1-100.jpg\" class=\"attachment-large size-large wp-post-image\" alt=\"textura vidriera\" loading=\"lazy\" style=\"max-width:256px;max-height:256px;\" srcset=\"https:\/\/pinturayartistas.com\/ilustracionesgratis\/wp-content\/uploads\/2012\/12\/vidriera-verdes-negros1-100.jpg 200w, https:\/\/pinturayartistas.com\/ilustracionesgratis\/wp-content\/uploads\/2012\/12\/vidriera-verdes-negros1-100-100x100.jpg 100w\" sizes=\"(max-width: 200px) 100vw, 200px\" \/><\/a><\/div><a href=\"https:\/\/pinturayartistas.com\/ilustracionesgratis\/es\/vidrieras-en-verdes-y-negros-2\/\">Vidrieras en verdes y negros<\/a><\/li>\n<li><div class=\"wp-block-latest-posts__featured-image aligncenter\"><a href=\"https:\/\/pinturayartistas.com\/ilustracionesgratis\/es\/vidriera-de-colores-dorados-2\/\"><img width=\"200\" height=\"200\" src=\"https:\/\/pinturayartistas.com\/ilustracionesgratis\/wp-content\/uploads\/2012\/12\/vidriera-naranjas-blancos100.jpg\" class=\"attachment-large size-large wp-post-image\" alt=\"ilustraci\u00f3n\" loading=\"lazy\" style=\"max-width:256px;max-height:256px;\" srcset=\"https:\/\/pinturayartistas.com\/ilustracionesgratis\/wp-content\/uploads\/2012\/12\/vidriera-naranjas-blancos100.jpg 200w, https:\/\/pinturayartistas.com\/ilustracionesgratis\/wp-content\/uploads\/2012\/12\/vidriera-naranjas-blancos100-100x100.jpg 100w\" sizes=\"(max-width: 200px) 100vw, 200px\" \/><\/a><\/div><a href=\"https:\/\/pinturayartistas.com\/ilustracionesgratis\/es\/vidriera-de-colores-dorados-2\/\">Vidriera de colores dorados<\/a><\/li>\n<li><div class=\"wp-block-latest-posts__featured-image aligncenter\"><a href=\"https:\/\/pinturayartistas.com\/ilustracionesgratis\/es\/vidriera-de-colores-violetas-y-blancos-2\/\"><img width=\"200\" height=\"200\" src=\"https:\/\/pinturayartistas.com\/ilustracionesgratis\/wp-content\/uploads\/2012\/12\/vidriera-azules-violetas-blancos1-100.jpg\" class=\"attachment-large size-large wp-post-image\" alt=\"Ilustraci\u00f3n vidriera\" loading=\"lazy\" style=\"max-width:256px;max-height:256px;\" srcset=\"https:\/\/pinturayartistas.com\/ilustracionesgratis\/wp-content\/uploads\/2012\/12\/vidriera-azules-violetas-blancos1-100.jpg 200w, https:\/\/pinturayartistas.com\/ilustracionesgratis\/wp-content\/uploads\/2012\/12\/vidriera-azules-violetas-blancos1-100-100x100.jpg 100w\" sizes=\"(max-width: 200px) 100vw, 200px\" \/><\/a><\/div><a href=\"https:\/\/pinturayartistas.com\/ilustracionesgratis\/es\/vidriera-de-colores-violetas-y-blancos-2\/\">Vidriera de colores violetas y blancos<\/a><\/li>\n<\/ul>\n\n\n<div class=\"wp-container-2 wp-block-buttons\">\n<div class=\"wp-block-button\"><a class=\"wp-block-button__link wp-element-button\" href=\"https:\/\/pinturayartistas.com\/ilustracionesgratis\/ilustraciones-gratis\/\">Ver todas las ilustraciones<\/a><\/div>\n<\/div>\n\n\n\n<hr class=\"wp-block-separator has-css-opacity\"\/>\n\n\n\n<h2 class=\"wp-block-heading has-text-align-center\">Colecciones de ilustraciones gratis<\/h2>\n\n\n\n<div class=\"wp-block-columns\">\n<div class=\"wp-block-column\">\n<figure class=\"wp-block-image size-large\"><a href=\"https:\/\/pinturayartistas.com\/ilustracionesgratis\/mundo-natural\/\"><img loading=\"lazy\" width=\"683\" height=\"521\" src=\"https:\/\/pinturayartistas.com\/ilustracionesgratis\/wp-content\/uploads\/2021\/03\/mundo-natural.jpg\" alt=\"Naturaleza\" class=\"wp-image-4215\" title=\"Ilustraciones y dise\u00f1os gratis del Mundo Natural\"\/><\/a><\/figure>\n\n\n\n<h3 class=\"wp-block-heading has-text-align-center\"><a href=\"https:\/\/pinturayartistas.com\/ilustracionesgratis\/mundo-natural\/\">Mundo Natural<\/a><\/h3>\n<\/div>\n\n\n\n<div class=\"wp-block-column\">\n<figure class=\"wp-block-image size-large\"><a href=\"https:\/\/pinturayartistas.com\/ilustracionesgratis\/mundo-humano\/\"><img loading=\"lazy\" width=\"683\" height=\"521\" src=\"https:\/\/pinturayartistas.com\/ilustracionesgratis\/wp-content\/uploads\/2021\/03\/mundo-humano-inicio.jpg\" alt=\"mundo humano\" class=\"wp-image-4216\" title=\"Ilustraciones y dise\u00f1os gratis del Mundo Humano\"\/><\/a><\/figure>\n\n\n\n<h3 class=\"wp-block-heading has-text-align-center\"><a href=\"https:\/\/pinturayartistas.com\/ilustracionesgratis\/mundo-humano\/\">Mundo Humano<\/a><\/h3>\n<\/div>\n<\/div>\n\n\n\n<hr class=\"wp-block-separator has-css-opacity\"\/>\n\n\n\n<h2 class=\"wp-block-heading has-text-align-center\">Colecciones tem\u00e1ticas<\/h2>\n\n\n\n<div class=\"wp-block-columns\">\n<div class=\"wp-block-column\">\n<figure class=\"wp-block-image aligncenter size-large\"><a href=\"https:\/\/pinturayartistas.com\/ilustracionesgratis\/es\/image-stock\/arte-azteca\/\"><img loading=\"lazy\" width=\"200\" height=\"200\" src=\"https:\/\/pinturayartistas.com\/ilustracionesgratis\/wp-content\/uploads\/2012\/06\/arte-azteca-pajaro.gif\" alt=\"dibujo p\u00e1jaro arte azteca\" class=\"wp-image-3852\" title=\"Colecci\u00f3n  Ilustraciones de Arte Azteca\"\/><\/a><\/figure>\n\n\n\n<h3 class=\"wp-block-heading has-text-align-center\"><a href=\"https:\/\/pinturayartistas.com\/ilustracionesgratis\/es\/image-stock\/arte-azteca\/\">Arte Azteca<\/a><\/h3>\n<\/div>\n\n\n\n<div class=\"wp-block-column\">\n<figure class=\"wp-block-image aligncenter size-large\"><a href=\"https:\/\/pinturayartistas.com\/ilustracionesgratis\/es\/image-stock\/personas-es\/\"><img loading=\"lazy\" width=\"200\" height=\"200\" src=\"https:\/\/pinturayartistas.com\/ilustracionesgratis\/wp-content\/uploads\/2012\/03\/BRUCE-LEE200.gif\" alt=\"ilustraciones personas y rostros\" class=\"wp-image-3930\" title=\"Colecci\u00f3n  Ilustraciones de personas\"\/><\/a><\/figure>\n\n\n\n<h3 class=\"wp-block-heading has-text-align-center\"><a href=\"https:\/\/pinturayartistas.com\/ilustracionesgratis\/es\/image-stock\/personas-es\/\">Personas<\/a><\/h3>\n<\/div>\n\n\n\n<div class=\"wp-block-column\">\n<figure class=\"wp-block-image aligncenter size-large\"><a href=\"https:\/\/pinturayartistas.com\/ilustracionesgratis\/es\/image-stock\/animales-es\/\"><img loading=\"lazy\" width=\"200\" height=\"200\" src=\"https:\/\/pinturayartistas.com\/ilustracionesgratis\/wp-content\/uploads\/2013\/10\/tigre-rostro-sereno.gif\" alt=\"belleza tigre dibujo\" class=\"wp-image-3313\" title=\"Colecci\u00f3n Ilustraciones de animales\"\/><\/a><\/figure>\n\n\n\n<h3 class=\"wp-block-heading has-text-align-center\"><a href=\"https:\/\/pinturayartistas.com\/ilustracionesgratis\/es\/image-stock\/animales-es\/\">Animales<\/a><\/h3>\n<\/div>\n\n\n\n<div class=\"wp-block-column\">\n<figure class=\"wp-block-image aligncenter size-large\"><a href=\"https:\/\/pinturayartistas.com\/ilustracionesgratis\/es\/image-stock\/graficos-es\/mandalas-es\/\"><img src=\"https:\/\/pinturayartistas.com\/ilustracionesgratis\/wp-content\/uploads\/2014\/04\/mandala-abstraccion-compleja200-200x200.gif\" alt=\"\"\/><\/a><\/figure>\n\n\n\n<h3 class=\"wp-block-heading has-text-align-center\"><a href=\"https:\/\/pinturayartistas.com\/ilustracionesgratis\/es\/image-stock\/graficos-es\/mandalas-es\/\">Mandalas<\/a><\/h3>\n<\/div>\n<\/div>\n","protected":false},"excerpt":{"rendered":"<p>Bienvenido\/a a Cristina Ilustraciones. Stock gratis de im\u00e1genes, ilustraciones y dibujos. Busca una ilustraci\u00f3n, descarga directamente el archivo de imagen en formato JPG, GIF, SVG o PNG y util\u00edzalo en tu dise\u00f1o. Todo es gratis y sin inscripci\u00f3n. Estas son las ilustraciones experimentales de Cristina Alejos para ilustrar nuevas ideas, expresiones y conceptos. Nuevas ilustraciones [&hellip;]<\/p>\n","protected":false},"author":575,"featured_media":0,"parent":0,"menu_order":0,"comment_status":"closed","ping_status":"closed","template":"templates\/landing.php","meta":[],"yoast_head":"<!-- This site is optimized with the Yoast SEO plugin v16.0 - https:\/\/yoast.com\/wordpress\/plugins\/seo\/ -->\n<title>Ilustraciones, dise\u00f1o, gr\u00e1ficos y fotograf\u00edas gratis de Cristina Alejos<\/title>\n<meta name=\"description\" content=\"Portal de recursos gr\u00e1ficos, texturas, ilustraciones creativas y art\u00edsticas, dise\u00f1os vectoriales y mucho material que puedes utilizar gratis.\" \/>\n<link rel=\"canonical\" href=\"https:\/\/pinturayartistas.com\/ilustracionesgratis\/es\/inicio\/\" \/>\n<meta property=\"og:locale\" content=\"en_US\" \/>\n<meta property=\"og:type\" content=\"article\" \/>\n<meta property=\"og:title\" content=\"Ilustraciones, dise\u00f1o, gr\u00e1ficos y fotograf\u00edas gratis de Cristina Alejos\" \/>\n<meta property=\"og:description\" content=\"Portal de recursos gr\u00e1ficos, texturas, ilustraciones creativas y art\u00edsticas, dise\u00f1os vectoriales y mucho material que puedes utilizar gratis.\" \/>\n<meta property=\"og:url\" content=\"https:\/\/pinturayartistas.com\/ilustracionesgratis\/es\/inicio\/\" \/>\n<meta property=\"og:site_name\" content=\"Cristina\" \/>\n<meta property=\"article:modified_time\" content=\"2023-11-01T16:04:00+00:00\" \/>\n<meta property=\"og:image\" content=\"https:\/\/pinturayartistas.com\/ilustracionesgratis\/wp-content\/uploads\/2021\/03\/servicios-ilustracion.jpg\" \/>\n<meta name=\"twitter:card\" content=\"summary_large_image\" \/>\n<meta name=\"twitter:label1\" content=\"Est. reading time\">\n\t<meta name=\"twitter:data1\" content=\"2 minutes\">\n<script type=\"application\/ld+json\" class=\"yoast-schema-graph\">{\"@context\":\"https:\/\/schema.org\",\"@graph\":[{\"@type\":\"WebSite\",\"@id\":\"https:\/\/pinturayartistas.com\/ilustracionesgratis\/#website\",\"url\":\"https:\/\/pinturayartistas.com\/ilustracionesgratis\/\",\"name\":\"Cristina\",\"description\":\"Illustrations\",\"potentialAction\":[{\"@type\":\"SearchAction\",\"target\":\"https:\/\/pinturayartistas.com\/ilustracionesgratis\/?s={search_term_string}\",\"query-input\":\"required name=search_term_string\"}],\"inLanguage\":\"en-US\"},{\"@type\":\"ImageObject\",\"@id\":\"https:\/\/pinturayartistas.com\/ilustracionesgratis\/es\/inicio\/#primaryimage\",\"inLanguage\":\"en-US\",\"url\":\"https:\/\/pinturayartistas.com\/ilustracionesgratis\/wp-content\/uploads\/2021\/03\/servicios-ilustracion.jpg\",\"width\":629,\"height\":442},{\"@type\":\"WebPage\",\"@id\":\"https:\/\/pinturayartistas.com\/ilustracionesgratis\/es\/inicio\/#webpage\",\"url\":\"https:\/\/pinturayartistas.com\/ilustracionesgratis\/es\/inicio\/\",\"name\":\"Ilustraciones, dise\\u00f1o, gr\\u00e1ficos y fotograf\\u00edas gratis de Cristina Alejos\",\"isPartOf\":{\"@id\":\"https:\/\/pinturayartistas.com\/ilustracionesgratis\/#website\"},\"primaryImageOfPage\":{\"@id\":\"https:\/\/pinturayartistas.com\/ilustracionesgratis\/es\/inicio\/#primaryimage\"},\"datePublished\":\"2023-04-20T14:34:11+00:00\",\"dateModified\":\"2023-11-01T16:04:00+00:00\",\"description\":\"Portal de recursos gr\\u00e1ficos, texturas, ilustraciones creativas y art\\u00edsticas, dise\\u00f1os vectoriales y mucho material que puedes utilizar gratis.\",\"breadcrumb\":{\"@id\":\"https:\/\/pinturayartistas.com\/ilustracionesgratis\/es\/inicio\/#breadcrumb\"},\"inLanguage\":\"en-US\",\"potentialAction\":[{\"@type\":\"ReadAction\",\"target\":[\"https:\/\/pinturayartistas.com\/ilustracionesgratis\/es\/inicio\/\"]}]},{\"@type\":\"BreadcrumbList\",\"@id\":\"https:\/\/pinturayartistas.com\/ilustracionesgratis\/es\/inicio\/#breadcrumb\",\"itemListElement\":[{\"@type\":\"ListItem\",\"position\":1,\"item\":{\"@type\":\"WebPage\",\"@id\":\"https:\/\/pinturayartistas.com\/ilustracionesgratis\/\",\"url\":\"https:\/\/pinturayartistas.com\/ilustracionesgratis\/\",\"name\":\"Home\"}},{\"@type\":\"ListItem\",\"position\":2,\"item\":{\"@type\":\"WebPage\",\"@id\":\"https:\/\/pinturayartistas.com\/ilustracionesgratis\/es\/inicio\/\",\"url\":\"https:\/\/pinturayartistas.com\/ilustracionesgratis\/es\/inicio\/\",\"name\":\"Inicio\"}}]}]}<\/script>\n<!-- \/ Yoast SEO plugin. -->","_links":{"self":[{"href":"https:\/\/pinturayartistas.com\/ilustracionesgratis\/wp-json\/wp\/v2\/pages\/4964"}],"collection":[{"href":"https:\/\/pinturayartistas.com\/ilustracionesgratis\/wp-json\/wp\/v2\/pages"}],"about":[{"href":"https:\/\/pinturayartistas.com\/ilustracionesgratis\/wp-json\/wp\/v2\/types\/page"}],"author":[{"embeddable":true,"href":"https:\/\/pinturayartistas.com\/ilustracionesgratis\/wp-json\/wp\/v2\/users\/575"}],"replies":[{"embeddable":true,"href":"https:\/\/pinturayartistas.com\/ilustracionesgratis\/wp-json\/wp\/v2\/comments?post=4964"}],"version-history":[{"count":17,"href":"https:\/\/pinturayartistas.com\/ilustracionesgratis\/wp-json\/wp\/v2\/pages\/4964\/revisions"}],"predecessor-version":[{"id":5854,"href":"https:\/\/pinturayartistas.com\/ilustracionesgratis\/wp-json\/wp\/v2\/pages\/4964\/revisions\/5854"}],"wp:attachment":[{"href":"https:\/\/pinturayartistas.com\/ilustracionesgratis\/wp-json\/wp\/v2\/media?parent=4964"}],"curies":[{"name":"wp","href":"https:\/\/api.w.org\/{rel}","templated":true}]}}