{"id":1030,"date":"2013-09-07T11:25:23","date_gmt":"2013-09-07T11:25:23","guid":{"rendered":"http:\/\/s489098794.mialojamiento.es\/?page_id=1030"},"modified":"2023-11-01T16:16:51","modified_gmt":"2023-11-01T15:16:51","slug":"condiciones-de-uso","status":"publish","type":"page","link":"https:\/\/pinturayartistas.com\/ilustracionesgratis\/condiciones-de-uso\/","title":{"rendered":"Condiciones de uso"},"content":{"rendered":"\nLas ilustraciones de este sitio web han sido creadas por Cristina Alejos.\n\n<h3>Usted es libre de:<\/h3>\n\n<ul>\n\t<li><strong>Copiar, distribuir y comunicar p\u00fablicamente la obra<\/strong><\/li>\n\t<li><strong>Remezclar<\/strong> \u2014 transformar la obra<\/li>\n\t<li><strong>Hacer un uso comercial de esta obra<\/strong><\/li>\n<\/ul>\n\n<h3>Bajo las condiciones siguientes:<\/h3>\n<ul>\n<ul>\n\t<li><strong>Reconocimiento<\/strong> \u2014 Debe reconocer los cr\u00e9ditos de la obra de la manera especificada por el autor o el licenciador (pero no de una manera que sugiera que tiene su apoyo o apoyan el uso que hace de su obra).<\/li>\n<\/ul>\n<\/ul>\n<strong>\u00bfQu\u00e9 significa &#8220;Reconozca esta obra&#8221;?<\/strong>\nLa p\u00e1gina de la que provienes contiene metadatos incrustados de la licencia, incluyendo c\u00f3mo el autor quiere ser reconocido. Aqu\u00ed puedes utilizar el c\u00f3digo HTML para citar la obra. De esta manera se a\u00f1adiran a tu p\u00e1gina los metadatos para hallar tambi\u00e9n la obra original.\n<ul>\n<ul>\n<ul>\n\t<li><strong>Compartir bajo la misma licencia<\/strong>\u2014Si altera o transforma esta obra, o genera una obra derivada, s\u00f3lo puede distribuir la obra generada bajo una licencia id\u00e9ntica a \u00e9sta.<\/li>\n<\/ul>\n<\/ul>\n<\/ul>\nM\u00e1s informaci\u00f3n en la<a title=\"Creative commons\" href=\"http:\/\/creativecommons.org\/licenses\/by-sa\/3.0\/es\/\" target=\"_blank\" rel=\"noopener\"><strong> p\u00e1gina de Creative Commons<\/strong><\/a>.\n","protected":false},"excerpt":{"rendered":"<p>Las ilustraciones de este sitio web han sido creadas por Cristina Alejos. Usted es libre de: Copiar, distribuir y comunicar p\u00fablicamente la obra Remezclar \u2014 transformar la obra Hacer un uso comercial de esta obra Bajo las condiciones siguientes: Reconocimiento \u2014 Debe reconocer los cr\u00e9ditos de la obra de la manera especificada por el autor [&hellip;]<\/p>\n","protected":false},"author":575,"featured_media":0,"parent":0,"menu_order":5,"comment_status":"closed","ping_status":"open","template":"","meta":[],"yoast_head":"<!-- This site is optimized with the Yoast SEO plugin v16.0 - https:\/\/yoast.com\/wordpress\/plugins\/seo\/ -->\n<title>Condiciones de uso - Cristina<\/title>\n<link rel=\"canonical\" href=\"https:\/\/pinturayartistas.com\/ilustracionesgratis\/condiciones-de-uso\/\" \/>\n<meta property=\"og:locale\" content=\"en_US\" \/>\n<meta property=\"og:type\" content=\"article\" \/>\n<meta property=\"og:title\" content=\"Condiciones de uso - Cristina\" \/>\n<meta property=\"og:description\" content=\"Las ilustraciones de este sitio web han sido creadas por Cristina Alejos. Usted es libre de: Copiar, distribuir y comunicar p\u00fablicamente la obra Remezclar \u2014 transformar la obra Hacer un uso comercial de esta obra Bajo las condiciones siguientes: Reconocimiento \u2014 Debe reconocer los cr\u00e9ditos de la obra de la manera especificada por el autor [&hellip;]\" \/>\n<meta property=\"og:url\" content=\"https:\/\/pinturayartistas.com\/ilustracionesgratis\/condiciones-de-uso\/\" \/>\n<meta property=\"og:site_name\" content=\"Cristina\" \/>\n<meta property=\"article:modified_time\" content=\"2023-11-01T15:16:51+00:00\" \/>\n<meta name=\"twitter:card\" content=\"summary_large_image\" \/>\n<meta name=\"twitter:label1\" content=\"Est. reading time\">\n\t<meta name=\"twitter:data1\" content=\"1 minute\">\n<script type=\"application\/ld+json\" class=\"yoast-schema-graph\">{\"@context\":\"https:\/\/schema.org\",\"@graph\":[{\"@type\":\"WebSite\",\"@id\":\"https:\/\/pinturayartistas.com\/ilustracionesgratis\/#website\",\"url\":\"https:\/\/pinturayartistas.com\/ilustracionesgratis\/\",\"name\":\"Cristina\",\"description\":\"Illustrations\",\"potentialAction\":[{\"@type\":\"SearchAction\",\"target\":\"https:\/\/pinturayartistas.com\/ilustracionesgratis\/?s={search_term_string}\",\"query-input\":\"required name=search_term_string\"}],\"inLanguage\":\"en-US\"},{\"@type\":\"WebPage\",\"@id\":\"https:\/\/pinturayartistas.com\/ilustracionesgratis\/condiciones-de-uso\/#webpage\",\"url\":\"https:\/\/pinturayartistas.com\/ilustracionesgratis\/condiciones-de-uso\/\",\"name\":\"Condiciones de uso - Cristina\",\"isPartOf\":{\"@id\":\"https:\/\/pinturayartistas.com\/ilustracionesgratis\/#website\"},\"datePublished\":\"2013-09-07T11:25:23+00:00\",\"dateModified\":\"2023-11-01T15:16:51+00:00\",\"breadcrumb\":{\"@id\":\"https:\/\/pinturayartistas.com\/ilustracionesgratis\/condiciones-de-uso\/#breadcrumb\"},\"inLanguage\":\"en-US\",\"potentialAction\":[{\"@type\":\"ReadAction\",\"target\":[\"https:\/\/pinturayartistas.com\/ilustracionesgratis\/condiciones-de-uso\/\"]}]},{\"@type\":\"BreadcrumbList\",\"@id\":\"https:\/\/pinturayartistas.com\/ilustracionesgratis\/condiciones-de-uso\/#breadcrumb\",\"itemListElement\":[{\"@type\":\"ListItem\",\"position\":1,\"item\":{\"@type\":\"WebPage\",\"@id\":\"https:\/\/pinturayartistas.com\/ilustracionesgratis\/\",\"url\":\"https:\/\/pinturayartistas.com\/ilustracionesgratis\/\",\"name\":\"Home\"}},{\"@type\":\"ListItem\",\"position\":2,\"item\":{\"@type\":\"WebPage\",\"@id\":\"https:\/\/pinturayartistas.com\/ilustracionesgratis\/condiciones-de-uso\/\",\"url\":\"https:\/\/pinturayartistas.com\/ilustracionesgratis\/condiciones-de-uso\/\",\"name\":\"Condiciones de uso\"}}]}]}<\/script>\n<!-- \/ Yoast SEO plugin. -->","_links":{"self":[{"href":"https:\/\/pinturayartistas.com\/ilustracionesgratis\/wp-json\/wp\/v2\/pages\/1030"}],"collection":[{"href":"https:\/\/pinturayartistas.com\/ilustracionesgratis\/wp-json\/wp\/v2\/pages"}],"about":[{"href":"https:\/\/pinturayartistas.com\/ilustracionesgratis\/wp-json\/wp\/v2\/types\/page"}],"author":[{"embeddable":true,"href":"https:\/\/pinturayartistas.com\/ilustracionesgratis\/wp-json\/wp\/v2\/users\/575"}],"replies":[{"embeddable":true,"href":"https:\/\/pinturayartistas.com\/ilustracionesgratis\/wp-json\/wp\/v2\/comments?post=1030"}],"version-history":[{"count":4,"href":"https:\/\/pinturayartistas.com\/ilustracionesgratis\/wp-json\/wp\/v2\/pages\/1030\/revisions"}],"predecessor-version":[{"id":5848,"href":"https:\/\/pinturayartistas.com\/ilustracionesgratis\/wp-json\/wp\/v2\/pages\/1030\/revisions\/5848"}],"wp:attachment":[{"href":"https:\/\/pinturayartistas.com\/ilustracionesgratis\/wp-json\/wp\/v2\/media?parent=1030"}],"curies":[{"name":"wp","href":"https:\/\/api.w.org\/{rel}","templated":true}]}}